{"id":4363,"date":"2022-12-12T10:32:38","date_gmt":"2022-12-12T09:32:38","guid":{"rendered":"http:\/\/turismo.alboloduy.es\/wie-kommt-man\/"},"modified":"2022-12-12T16:58:10","modified_gmt":"2022-12-12T15:58:10","slug":"wie-kommt-man","status":"publish","type":"page","link":"http:\/\/turismo.alboloduy.es\/de\/wie-kommt-man\/","title":{"rendered":"Wie kommt man"},"content":{"rendered":"\n<p>Um von Almer\u00eda nach Alboloduy zu gelangen, nehmen wir die Nationalstra\u00dfe A-92a oder N-340a. In Benahadux biegen wir am Kreisverkehr links ab, um die A-348 in Richtung Alhama de Almer\u00eda zu nehmen. 8 km sp\u00e4ter biegen wir links ab auf die A-1075 in Richtung Albabia. Nach einer ca. 5 km langen Abfahrt mit vielen Kurven erreichen wir eine Br\u00fccke, nach der wir nach links in Richtung Alhabia abbiegen (seien Sie vorsichtig, da diese Kreuzung nicht so ausgeschildert ist und die Stra\u00dfe, die wir nehmen m\u00fcssen, beim Abstieg fast unsichtbar ist). Bald durchqueren wir Alhabia und die Stra\u00dfe f\u00fchrt uns in wenigen Minuten nach Alboloduy.<\/p>\n\n<p><br\/>Wenn wir aus dem Norden kommen, nehmen wir die Ausfahrt 352 der A-92 (Venta del Pino), die uns zur A-1075 f\u00fchrt, die durch Alboloduy f\u00fchrt.<\/p>\n","protected":false},"excerpt":{"rendered":"<p>Um von Almer\u00eda nach Alboloduy zu gelangen, nehmen wir die Nationalstra\u00dfe A-92a oder N-340a. In Benahadux biegen wir am Kreisverkehr links ab, um die A-348 in Richtung Alhama de Almer\u00eda zu nehmen. 8 km sp\u00e4ter biegen wir links ab auf die A-1075 in Richtung Albabia. Nach einer ca. 5 km langen Abfahrt mit vielen Kurven&hellip;&nbsp;<a href=\"http:\/\/turismo.alboloduy.es\/de\/wie-kommt-man\/\" class=\"\" rel=\"bookmark\">Read More &raquo;<span class=\"screen-reader-text\">Wie kommt man<\/span><\/a><\/p>\n","protected":false},"author":2,"featured_media":0,"parent":0,"menu_order":0,"comment_status":"closed","ping_status":"closed","template":"","meta":{"neve_meta_sidebar":"","neve_meta_container":"","neve_meta_enable_content_width":"","neve_meta_content_width":0,"neve_meta_title_alignment":"","neve_meta_author_avatar":"","neve_post_elements_order":"","neve_meta_disable_header":"","neve_meta_disable_footer":"","neve_meta_disable_title":"","footnotes":""},"_links":{"self":[{"href":"http:\/\/turismo.alboloduy.es\/de\/wp-json\/wp\/v2\/pages\/4363"}],"collection":[{"href":"http:\/\/turismo.alboloduy.es\/de\/wp-json\/wp\/v2\/pages"}],"about":[{"href":"http:\/\/turismo.alboloduy.es\/de\/wp-json\/wp\/v2\/types\/page"}],"author":[{"embeddable":true,"href":"http:\/\/turismo.alboloduy.es\/de\/wp-json\/wp\/v2\/users\/2"}],"replies":[{"embeddable":true,"href":"http:\/\/turismo.alboloduy.es\/de\/wp-json\/wp\/v2\/comments?post=4363"}],"version-history":[{"count":1,"href":"http:\/\/turismo.alboloduy.es\/de\/wp-json\/wp\/v2\/pages\/4363\/revisions"}],"predecessor-version":[{"id":4364,"href":"http:\/\/turismo.alboloduy.es\/de\/wp-json\/wp\/v2\/pages\/4363\/revisions\/4364"}],"wp:attachment":[{"href":"http:\/\/turismo.alboloduy.es\/de\/wp-json\/wp\/v2\/media?parent=4363"}],"curies":[{"name":"wp","href":"https:\/\/api.w.org\/{rel}","templated":true}]}}