{"id":4404,"date":"2022-12-12T10:29:44","date_gmt":"2022-12-12T09:29:44","guid":{"rendered":"http:\/\/turismo.alboloduy.es\/geschichte\/"},"modified":"2022-12-12T17:45:43","modified_gmt":"2022-12-12T16:45:43","slug":"geschichte","status":"publish","type":"page","link":"http:\/\/turismo.alboloduy.es\/de\/geschichte\/","title":{"rendered":"Geschichte"},"content":{"rendered":"\n<p>Die historischen Urspr\u00fcnge von Alboloduy reichen bis in die Vorgeschichte zur\u00fcck, mit Siedlungen in der <strong>Sp\u00e4tneolithisches Almeria <\/strong>(VI Jahrhundert v. Chr.) und vor allem in der <strong>dritte Phase der Bronze <\/strong>(VI Jahrhundert v. Chr.), befindet sich in der<strong> Queens Rock<\/strong>, mit Funden, die das Bauernhaus auf seiner Reise von Almer\u00eda nach Granada als Boloduy erw\u00e4hnen. Etwa in der ersten H\u00e4lfte des 13. Jahrhunderts, als das K\u00f6nigreich Granada gegr\u00fcndet wurde, wurde die Taha de Alboloduy (Verwaltungseinheit, in die die nasridischen Herrscher das gesamte Gebiet der Alpujarra aufteilten) gegr\u00fcndet. <\/p>\n\n<p>Nach den Kapitulationen von Almer\u00eda geh\u00f6rte die Taha zusammen mit anderen <strong>Boabdil<\/strong> als Lehen bis 1493, um 1504 endg\u00fcltig an <strong>Don Sancho de Castilla y Enr\u00edquez<\/strong>, Lord of Gor, als Belohnung f\u00fcr die Hilfe bei der R\u00fcckeroberung vergeben zu werden . Das 16. Jahrhundert war gepr\u00e4gt vom Aufstand der Mauren und ihrer endg\u00fcltigen Vertreibung 1570 nach ihrer Niederlage, wodurch Alboloduy entv\u00f6lkert wurde.  Mit der Wiederbesiedlung beginnt ein neues historisches Kapitel mit der Vorherrschaft der neuen Macht, die vergeblich versuchen wird, alle muslimischen Spuren zu verwischen, da in Alboloduy noch eine Stadtplanung und ein Grabennetz mit eindeutig arabischem Profil bestehen. Es ist ein wirres Jahrhundert aus Ortsnamen, Hauptstadt und oberfl\u00e4chlichen Begrenzungen.  Der Herr von Gor verlegte die Hauptstadt nach Santa Cruz und lie\u00df Alboloduy als Ort zur\u00fcck; Die Namen Albolodud oder Alhi\u00e7an werden austauschbar verwendet, um den Austausch zwischen der Krone und den Herren von Gor zu verbergen, und die Orte der Taha de Marchena und Alboloduy sind wie ein Puzzle gemischt und verwirrt. Im 16. Jahrhundert scheint sich die Situation zu kl\u00e4ren; Laut dem Kataster von Ensenada besteht die Herrschaft aus den St\u00e4dten Santa Cruz und Alboloduy, die dem Grafen von Torrepalma, <strong>Don Antonio Verdugo y Castilla<\/strong>, Lord of Gor, geh\u00f6ren.  Die Stadt erlangt ihren Status als Hauptstadt zur\u00fcck und stellt nach zwei Jahrhunderten nach der Wiederbev\u00f6lkerung einen betr\u00e4chtlichen demografischen Anstieg dar. Das 19. Jahrhundert bricht mit einem wirtschaftlichen Niedergang und Liberalismus aus, von denen die wichtigsten die Abschaffung von Herrenh\u00e4usern und die Beschlagnahme sind, Ereignisse, die die Zersetzung hervorrufen des Se\u00f1or\u00edo de Alboloduy, und jede Gemeindeperiode erlangt Unabh\u00e4ngigkeit und Autonomie, wie Santa Cruz im Jahr 1850, um einen B\u00fcrgermeister und einen Stadtrat in der Stadt zu ernennen.<\/p>\n\n<p>1863, <strong>Isabel II<\/strong> gr\u00fcndet das Marquesat Alboloduy und gew\u00e4hrt es Mrs. <strong>Mar\u00eda Elvira Fern\u00e1ndez de C\u00f3rdoba Boh\u00f3rquez<\/strong>, Enkelin des Herzogs von Gor. Das erste Drittel des 20. Jahrhunderts ist gepr\u00e4gt von sozialen Spannungen, Arbeitslosigkeit und einer schweren D\u00fcrre, die mit dem B\u00fcrgerkrieg verbunden ist, eine Zeit, die mit den Schwierigkeiten des Augenblicks und einem harten und rauen Verlauf einhergeht schlechte Nachkriegszeit. Nach Francos Tod begann die demokratische Periode, die Alboloduy zu einer partizipatorischen und ruhigen Stadt mit einer freundlichen und hilfsbereiten Bev\u00f6lkerung f\u00fcr den Fremden machte, der diese f\u00fcr die kulturellen Traditionen der Region so repr\u00e4sentative Stadt kennenlernte. <\/p>\n\n<p>Die erste statistische Erw\u00e4hnung der Bev\u00f6lkerung von Alboloduy stammt aus dem Jahr 1577, bezogen auf die Wiederbev\u00f6lkerung nach der Vertreibung der Mauren, 51 alte Christen lie\u00dfen sich in der Stadt nieder <strong>Westandalusien<\/strong>,  <strong>Extremadura<\/strong> und <strong>Levante<\/strong>, obwohl es zuvor eine wichtige Siedlung der Bev\u00f6lkerung gewesen war, seitdem laut der<strong> Vermessungs- und Bev\u00f6lkerungsbuch <\/strong>Ab 1574 bestand die Stadt aus 153 H\u00e4usern mit 150 maurischen Nachbarn, 3 Altchristen, dem Mesner und zwei Nutznie\u00dfern, Daten, die eine gro\u00dfe Stadt bezeichnen.<\/p>\n\n<p>Das 17. und 18. Jahrhundert sind durch die historische Demografie des alten Regimes, hohe Geburten- und Sterblichkeitsraten gekennzeichnet, aber trotzdem wird eine Bev\u00f6lkerungskontinuit\u00e4t aufrechterhalten, die bei der Durchf\u00fchrung des Ensenada-Katasters im Jahr 175253 mit 1.562 Einwohnern einen signifikanten demografischen Anstieg verzeichnete Im 19. Jahrhundert w\u00e4chst die Bev\u00f6lkerung aufgrund des wirtschaftlichen Reichtums der Monokultur der Ohanes-Traube st\u00e4ndig und erreicht 1857 mit 2.490 Einwohnern ihren H\u00f6hepunkt. Diese Wachstumsrate wird bis zum Beginn des Jahrhunderts anhalten und erreichte mit 2.280 Einwohnern im Jahr 1910 seinen H\u00f6hepunkt der damaligen Volksz\u00e4hlung.In den kommenden Jahrzehnten erlebten wir einen raschen Bev\u00f6lkerungsr\u00fcckgang, der sich bis heute akzentuiert.  Die Wachstumsrate wird durch die Welt- und B\u00fcrgerkriege und die Schlie\u00dfung internationaler M\u00e4rkte unterbrochen, wodurch eine in den letzten Jahrzehnten verst\u00e4rkte Auswanderung beginnt. Nach <strong>FIAPA<\/strong>-Angaben , in den Jahren 1976-1991 setzte sich der Bev\u00f6lkerungsr\u00fcckgang fort, aufgrund einer niedrigen Geburtenrate, einer au\u00dfergew\u00f6hnlichen Sterblichkeit, die auf eine hohe Alterungsrate hinweist, sowie einer Abwanderung, die auf eine gro\u00dfe D\u00fcrre zur\u00fcckzuf\u00fchren ist, unter der das Gebiet und der Mangel an Infrastrukturen leiden. Laut der Volksz\u00e4hlung von 1991 betr\u00e4gt die Bev\u00f6lkerungsrate 911 Einwohner und ist in den letzten Jahren tendenziell r\u00fcckl\u00e4ufig, wenn man die aktuellen Daten mit 847 Einwohnern betrachtet.<\/p>\n","protected":false},"excerpt":{"rendered":"<p>Die historischen Urspr\u00fcnge von Alboloduy reichen bis in die Vorgeschichte zur\u00fcck, mit Siedlungen in der Sp\u00e4tneolithisches Almeria (VI Jahrhundert v. Chr.) und vor allem in der dritte Phase der Bronze (VI Jahrhundert v. Chr.), befindet sich in der Queens Rock, mit Funden, die das Bauernhaus auf seiner Reise von Almer\u00eda nach Granada als Boloduy erw\u00e4hnen.&hellip;&nbsp;<a href=\"http:\/\/turismo.alboloduy.es\/de\/geschichte\/\" class=\"\" rel=\"bookmark\">Read More &raquo;<span class=\"screen-reader-text\">Geschichte<\/span><\/a><\/p>\n","protected":false},"author":2,"featured_media":0,"parent":0,"menu_order":0,"comment_status":"closed","ping_status":"closed","template":"","meta":{"neve_meta_sidebar":"","neve_meta_container":"","neve_meta_enable_content_width":"","neve_meta_content_width":0,"neve_meta_title_alignment":"","neve_meta_author_avatar":"","neve_post_elements_order":"","neve_meta_disable_header":"","neve_meta_disable_footer":"","neve_meta_disable_title":"","footnotes":""},"_links":{"self":[{"href":"http:\/\/turismo.alboloduy.es\/de\/wp-json\/wp\/v2\/pages\/4404"}],"collection":[{"href":"http:\/\/turismo.alboloduy.es\/de\/wp-json\/wp\/v2\/pages"}],"about":[{"href":"http:\/\/turismo.alboloduy.es\/de\/wp-json\/wp\/v2\/types\/page"}],"author":[{"embeddable":true,"href":"http:\/\/turismo.alboloduy.es\/de\/wp-json\/wp\/v2\/users\/2"}],"replies":[{"embeddable":true,"href":"http:\/\/turismo.alboloduy.es\/de\/wp-json\/wp\/v2\/comments?post=4404"}],"version-history":[{"count":1,"href":"http:\/\/turismo.alboloduy.es\/de\/wp-json\/wp\/v2\/pages\/4404\/revisions"}],"predecessor-version":[{"id":4405,"href":"http:\/\/turismo.alboloduy.es\/de\/wp-json\/wp\/v2\/pages\/4404\/revisions\/4405"}],"wp:attachment":[{"href":"http:\/\/turismo.alboloduy.es\/de\/wp-json\/wp\/v2\/media?parent=4404"}],"curies":[{"name":"wp","href":"https:\/\/api.w.org\/{rel}","templated":true}]}}