{"id":4412,"date":"2022-12-12T10:38:44","date_gmt":"2022-12-12T09:38:44","guid":{"rendered":"http:\/\/turismo.alboloduy.es\/die-alcubillas\/"},"modified":"2022-12-12T18:00:46","modified_gmt":"2022-12-12T17:00:46","slug":"die-alcubillas","status":"publish","type":"page","link":"http:\/\/turismo.alboloduy.es\/de\/die-alcubillas\/","title":{"rendered":"Die Alcubillas"},"content":{"rendered":"\n<p>Die Alcubillas bestehen aus zwei Bev\u00f6lkerungszentren am Rande der Rambla, die seinen Namen tr\u00e4gt: Las Alcubillas Bajas, die zur Gemeinde Alboloduy geh\u00f6ren, und Alcubillas Altas, die sich die Gemeinden G\u00e9rgal und Alboloduy teilen. Der Name seiner Bewohner ist alcubillero\/a. <\/p>\n\n<p>Der Ursprung des Ortsnamens Las Alcubillas findet sich im mozarabischen Wort &#8220;Alcubilla&#8221; mit der arabischen Wurzel &#8220;al-qubba&#8221;, was Wasserkasten, Wassertank, Teich, Becken, Kuppel bedeutet &#8230; Dieser arabische Ortsname stammt wahrscheinlich von Vulgar Lateinisch \u201ecova\u201c, Feminin von \u201ecovus\u201c, was hohl bedeutet. Aufgrund seiner Bedeutung k\u00f6nnen wir ableiten, dass es in arabischer Zeit im Ort der Stadt einen oder mehrere Wasserbeh\u00e4lter oder Teiche gegeben haben muss, die der \u00f6ffentlichen Versorgung und Bew\u00e4sserung dienten. <\/p>\n\n<p>Um zu diesen beiden Stadtteilen zu gelangen, m\u00fcssen Sie nur die Autobahn A-92 in Richtung Granada nehmen. 50 km von der Hauptstadt Almer\u00eda entfernt. Es liegt auf einer H\u00f6he von 675 Metern in der Sierra de los Filabres, daher ist es ratsam, sich au\u00dferhalb der Sommerzeit einzupacken.  <\/p>\n\n<h2 class=\"wp-block-heading\">Die hohen Alcubillas<\/h2>\n\n<p>Die Rambla de Las Alcubillas ist die geografische Grenze zwischen den beiden Gemeinden. In dem Teil von Alboloduyense, der allgemein als Acelgueros bekannt ist, k\u00f6nnen wir den Brunnen und den Waschplatz besuchen, der von den Einheimischen &#8220;la cimbra&#8221; genannt wird. Und im Teil von Gerga finden wir uns, kurz nachdem wir die Br\u00fccke des Boulevards \u00fcberquert haben, die Kirche von San Sebasti\u00e1n.  <\/p>\n\n<p>Las Alcubillas Altas ist ein guter Ort, um l\u00e4ndlichen Tourismus zu betreiben und sich auf seinen Wegen und Pfaden zu verirren. Der alte Camino Real, der Almer\u00eda und Granada verband, heute Camino de Fuente Santa, verbirgt historische Spuren wie die Spurrillen der Karren, die Minen, die Verk\u00e4ufe und das ebenfalls verlassene Bergbaudorf La Gebera. Wir k\u00f6nnen auch die Eisenbr\u00fccke \u00fcber die Rambla de G\u00e9rgal der Eisenbahnlinie L\u00ednares-Almer\u00eda sehen, die zum andalusischen Industrie- und Bergbauerbe erkl\u00e4rt wurde. Der Viehpfad f\u00fchrt uns in den Pfad PRA- _____ Vereda de Las Alcubillas, der uns durch eine einzigartige Landschaft zur Stadt Alboloduy f\u00fchrt, wo wir das nat\u00fcrliche Becken mit mineralischem Heilwasser, bekannt als &#8220;Balsica Salobre&#8221;, und die nahe gelegenen historischen \u00dcberreste wie einen Ofen genie\u00dfen , eine Eisenmine, ein Steinbruch&#8230; Zu jeder Zeit k\u00f6nnen wir das W\u00fcstengebiet von Tabernas genie\u00dfen.   <\/p>\n\n<p>Das Dorf hat San Sebasti\u00e1n als seinen Schutzheiligen, dessen Feierlichkeiten am 20. Januar gefeiert werden, und die Prozession zu seinen Ehren wird von der Musikkapelle La Mezquita de Alboloduy begleitet. Im August finden die Sommerfeste zu Ehren der Schutzpatronin Virgen del Carmen auf dem Hauptplatz der Stadt statt, dessen Hauptmerkmal ein runder Brunnen ist, der umgangssprachlich &#8220;El Llano&#8221; genannt wird. <\/p>\n\n<p>Seine traditionelle Gastronomie basiert auf mediterraner K\u00fcche und wir k\u00f6nnen hervorheben: Migas, Bu\u00f1uelos, Choto al Ajillo, Papas a Lo Pobre, Reis mit Kaninchen oder Rebhuhn, Haferbrei, Paprika, Jaleos, Frit\u00e1, Pipirrana&#8230; K\u00f6stlichkeiten, die Ihren Appetit anregen.<\/p>\n\n<p>Die Bev\u00f6lkerung, die das ganze Jahr \u00fcber in Las Alcubillas lebt, ist klein, von 35 bis 40 Einwohnern, obwohl sie an Wochenenden und Feiertagen erheblich zunimmt, mit Einwohnern, die von hier bleiben, aber derzeit haupts\u00e4chlich in Almer\u00eda, Katalonien und den Balearen leben. . Die Bev\u00f6lkerungsentwicklung ist negativ, wie in vielen l\u00e4ndlichen Gebieten der Provinz Almer\u00eda. Laut den vom INE am 1. Januar 2019 ver\u00f6ffentlichten Daten betrug die Einwohnerzahl in Las Alcubillas Altas 31, 1 Einwohner mehr als im Jahr 2018. In der folgenden Grafik k\u00f6nnen Sie sehen, wie viele Einwohner Las Alcubillas Altas seit \u00fcber hat die Jahre.   <\/p>\n\n<p>Las Alcubillas war w\u00e4hrend seiner vielen Jahrhunderte Geschichte ein Durchgangsort und wurde daher gut kommuniziert. Durch sein Gebiet f\u00fchrte die Stra\u00dfe, die Almer\u00eda mit Guadix verband, bekannt als Camino Real, der bereits von den R\u00f6mern und Arabern benutzt worden sein muss. Heute k\u00f6nnen wir noch die Spurrillen der Karren und Wagen erkennen, die in den Steinbereichen dieses Weges markiert sind.  <\/p>\n\n<p>W\u00e4hrend der r\u00f6mischen Herrschaft \u00fcber die Iberische Halbinsel (2. Jahrhundert v. Chr. bis 5. n. Chr.), die sie Hispania nannten und in Provinzen einteilten, wurden r\u00f6mische Stra\u00dfen oder Stra\u00dfen gebaut, die zur Zeit der Romanisierung die Kommunikation zwischen St\u00e4dten und Gemeinden erleichterten. Mit dem Untergang des R\u00f6mischen Reiches nutzten die Westgoten diese Stra\u00dfen weiter (5. bis 8. Jahrhundert) und mit der arabischen Invasion im Jahr 711 gelang es ihnen, diese Ingenieurwerke zu nutzen und zu genie\u00dfen. Die Araber blieben fast acht Jahrhunderte (8. bis 15.) auf der Iberischen Halbinsel, die sie Al-Andalus nannten, und aufgrund ihrer fortgeschrittenen Kultur bewahrten, reparierten und perfektionierten sie r\u00f6mische \u00f6ffentliche Arbeiten: Stra\u00dfen, Aqu\u00e4dukte, M\u00fchlen&#8230; ; Sie bauten auch neue technische Arbeiten zur Nutzung der Wasserressourcen: Gr\u00e4ben, Becken (Fl\u00f6\u00dfe), Wasserr\u00e4der, Zisternen&#8230; Arch\u00e4ologische \u00dcberreste all dieser Konstruktionen befinden sich auf dem Gebiet von Las Alcubillas.   <\/p>\n\n<p> Das von Pascual Madoz zwischen 1845 und 1850 verfasste Geografisch-Statistisch-Historische W\u00f6rterbuch von Andalusien beschreibt die Stra\u00dfe wie folgt: \u201eSTRASSEN Mondujar, in dem Teil, den wir beschreiben, geht es entlang des Gergal-Boulevards bis zum Gasthaus La Dorada, das sich auf demselben Boulevard befindet, und verl\u00e4sst dieses nach rechts und f\u00fchrt durch das Alcubilla des Alboloduy-Terms, wo es ein weiteres gibt der den Namen La Cortijada tr\u00e4gt, geht weiter in Richtung Westen durch das Campillo Hondo de Alboloduy, durchquert einen Hang mit dem Titel La Reina und ber\u00fchrt Do\u00f1a Maria und das gleichnamige Gasthaus, von hier aus geht es am R de Oca\u00f1a und Rambla de Abla bis zum Gasthof Arroyo, gehen Sie weiter auf der Rambla de Fi\u00f1ana, lassen Sie diese Stadt links liegen und fahren Sie weiter bis zum Gasthof Venta Nueva, durch den Sie in den j\u00fcdischen Teil von Guadix gelangen: Sein Zustand ist nicht nur wegen des Mangels an Kompositionen sehr schlecht, sondern auch weil die Boulevards von Gergal, Abla und Fi\u00f1ana und r \u00fcberquert werden m\u00fcssen. de Oca\u00f1a, wird es behindert und erschwert das Fortbewegen auf den gro\u00dfen Alleen. Es gibt auch einen anderen Reitweg, der in den Teil eintritt. auf der \u00f6stlichen Seite und durch Alhabia und weiter durch Alsodux, Santa Cruz, Alboloduy und Nacimiento, bis sie bei Do\u00f1a Maria in die Stra\u00dfe m\u00fcndet; Im Winter ist es sehr schmerzhaft, weil die Passagiere den Fluss durchqueren m\u00fcssen, aber im Sommer ist es ein Vergn\u00fcgen, diese Stra\u00dfe wegen der malerischen und angenehmen Natur des Landes zu gehen, da es neben vielen Obstb\u00e4umen auch durchgehende Haine gibt die Felder auf beiden Seiten.Von r. Die anderen Kreuzungen, die Reitwege sind, wie die vorherige, sind alle in einem sehr schlechten Zustand, wozu das zerkl\u00fcftete Gel\u00e4nde viel beitr\u00e4gt.&#8221;<\/p>\n\n<p>In der j\u00fcngeren Geschichte von Las Alcubillas ist die Eisenbahntrag\u00f6die vom 15. November 1945 verzeichnet: Ein Postzug mit mehr als 300 Personen, der von einer Dampflokomotive nach Almer\u00eda gezogen wurde, und ein G\u00fcterzug, der aus einer Dampflokomotive und 16 Personen bestand Wagen, die nach G\u00e9rgal fuhren, stie\u00dfen frontal zusammen. Ein menschliches Versagen des Verkehrsfaktors, stellvertretender Leiter der Station G\u00e9rgal, der Stationsleiter war, war die Ursache des Unfalls. Offenbar hatte er einen anderen Faktor beauftragt, den Postzug loszuschicken, weil er eingeladen worden war, ein Schwein zu schlachten. Er lie\u00df ihm freien Lauf, ohne zu merken, dass der G\u00fcterzug Richtung G\u00e9rgal fuhr. Der Absturz ereignete sich in der N\u00e4he von Las Alcubillas, im Zamora-Graben, die beiden Lokomotiven wurden eingebettet und die letzten beiden Wagen stiegen beim Aufprall auf, streiften die beiden elektrischen Kabel der Oberleitung und erzeugten ein elektrisches Inferno, das ein Feuer ausl\u00f6ste. Nach dem L\u00e4rm der Kollision kamen die Bewohner von Las Alcubillas Altas, um den Verletzten zu helfen und ihnen Decken, Kaffee und Schnaps zu bringen. Als der Stromschlag auftrat, konnten sie leider wenig tun, um den Ungl\u00fccklichen zu helfen, die in den letzten beiden Waggons gefangen waren und deren Hilferufe im Morgengrauen hallten. Was ihnen unter Gefahr ihrer k\u00f6rperlichen Unversehrtheit gelang, war, den Kurierwagen vom Rest der Komposition abzuh\u00e4ngen und so das Leben der Postbeamten zu retten. Mehr als 100 Menschen wurden get\u00f6tet und der Verantwortliche f\u00fcr die Abfahrt des Postzugs, der seinen Posten nicht h\u00e4tte verlassen d\u00fcrfen, floh, als sich das Ungl\u00fcck ereignete, und wurde einige Tage sp\u00e4ter durch einen Schuss, den er selbst gegeben hatte, tot aufgefunden. Pistole.         <\/p>\n\n<p>In den 1960er und 1970er Jahren wanderte die Bev\u00f6lkerung, wie in den meisten andalusischen St\u00e4dten, in verschiedene Teile Spaniens und ins Ausland aus, insbesondere nach Katalonien, auf die Balearen und nach Madrid. Es kommt vor, dass es eine gro\u00dfe Gruppe von Alcubilleros\/as gibt, die nach Mallorca ausgewandert sind, um Arbeit im Gastgewerbe zu suchen. Die ersten, die sich dort niederlie\u00dfen, riefen ihre Familie und Freunde an, und so hat sich auf Mallorca eine Kolonie von Alcubilleros\/as gebildet, die ihre Wurzeln nicht verloren haben,   <\/p>\n\n<p>Die Alcubilleros und Alcubilleras haben traditionell von Landwirtschaft und Viehzucht gelebt. Die Landwirtschaft seiner kleinen Ebene an beiden Ufern der Rambla bestand haupts\u00e4chlich aus Oliven, Mandeln, Orangen, Weinreben, Obstb\u00e4umen, Gem\u00fcse&#8230;  In den trockensten oder trockensten Gebieten wurden haupts\u00e4chlich Getreide, Weizen und Gerste angebaut, und in der als El Campillo bekannten Gegend wurden Weinreben angebaut, um Wein zu gewinnen. Die Viehzucht war eine wichtige Ressource f\u00fcr die Wirtschaft ihrer Einwohner, deren Hauptt\u00e4tigkeiten die Beweidung von Ziegen und Schafen waren. Auch in fr\u00fcheren Zeiten gab es hier Kuh- und Pferdefarmen. Seine Bedeutung war so gro\u00df, dass die Eisenbahn bei bestimmten Gelegenheiten in Las Alcubillas Bajas anhielt, um Wagen mit Tieren zu beladen.    Eine andere Besch\u00e4ftigung vieler Alcubilleros war die eines Viehh\u00e4ndlers oder -h\u00e4ndlers, mit dem sie aufgrund ihrer gro\u00dfen F\u00e4higkeiten im Kauf und Verkauf von Rindern ihren Lebensunterhalt gesucht haben.<\/p>\n\n<p>Aufgrund der N\u00e4he zu den Bahnh\u00f6fen G\u00e9rgal und Fuente Santa lebten die Einwohner auch von den Arbeitspl\u00e4tzen der Eisenbahn, die sie oft mit Land- und Viehwirtschaft kombinierten. Aufgrund dieser N\u00e4he und Kontakte haben viele Einwohner ihre Zukunft als RENFE-Arbeiter gesucht. Viele lehnten jedoch das Angebot ab, f\u00fcr die RENFE zu arbeiten, weil sie mit dem Verkauf von Rindern mehr verdienten.  <\/p>\n\n<p>In den letzten Jahren hat die Landwirtschaft eine Umstellung der Landwirtschaft durch den Bau mehrerer Gew\u00e4chsh\u00e4user f\u00fcr den Anbau von Produkten wie Tomaten, Paprika, Bohnen, Zucchini, Wassermelonen, Melonen&#8230;) nach dem Vorbild von Kulturen unter Plastikfolie durchgemacht und \u00f6stlichen Gebieten von Almeria. Der gr\u00f6\u00dfte Teil des Landes wird jedoch von kleinen Eigent\u00fcmern auf traditionelle Weise als Erg\u00e4nzung zu ihrer Familienwirtschaft kultiviert, wobei Elemente der Modernisierung und Wassereinsparung durch Tr\u00f6pfchenbew\u00e4sserung integriert werden. <\/p>\n\n<p>Der traditionelle Viehbestand an grasenden Ziegen- und Schafherden ist deutlich zur\u00fcckgegangen, da derzeit nur noch zwei oder drei Ziegenherden \u00fcbrig sind, wurde jedoch eine sehr erfolgreiche Intensivtierhaltung von Ziegen geschaffen, deren Besitzer eine junge Frau ist, die es hat zu einem Ma\u00dfstab daf\u00fcr werden, was es bedeutet, an sein Territorium zu glauben und hochwertige Rohstoffe zu produzieren.<\/p>\n\n<h2 class=\"wp-block-heading\">Die Alcubillas Bajas<\/h2>\n\n<p>Sobald wir Las Alcubillas Altas besucht haben, gehen wir den Boulevard hinunter auf der Suche nach Las Alcubillas Bajas, einen Kilometer flussabw\u00e4rts. Es ist eine verlassene Stadt. Sie k\u00f6nnen nicht nach Informationsschildern suchen, eine asphaltierte Stra\u00dfe &#8230;, es ist eine unbefestigte Stra\u00dfe, die am rechten Ufer der Rambla de Las Alcubillas genommen wird. Nur einen Kilometer vom Lehrger\u00fcst entfernt sehen wir bereits die ersten abgerissenen Schieferbauernh\u00e4user. Und nur wenige Meter weiter sehen wir das verheerende Bild einer vergessenen Stadt.    <\/p>\n\n<p>Die Bev\u00f6lkerung betrug rund 150 Einwohner. Das Dorf wurde Mitte des letzten Jahrhunderts aufgrund harter Arbeit und seiner Knappheit verlassen. Daher entschieden sich die Bewohner, wie in so vielen anderen St\u00e4dten, nach Katalonien, Aragonien oder auf die Balearen auszuwandern&#8230;  <\/p>\n\n<p>Die hohe Konstruktion sch\u00fctzte es vor den Boulevardalleen. Wir k\u00f6nnen seine Mauerwerkskonstruktionen und D\u00e4cher aus Schilf, St\u00f6cken und Espartogras beobachten. Zu seiner Zeit war es ein sehr junges Bev\u00f6lkerungszentrum, weil es eine eigene Schule hatte.   <\/p>\n\n<p>Es ist sehr interessant zu beobachten, wie die Menschen bis ins 20. Jahrhundert lebten, bevor es Wasserversorgung, Abwasserentsorgung, Pflasterung der Stra\u00dfen und Zugang zu Elektrizit\u00e4t gab. Es wird zu einem Ort, an dem man sich f\u00fcr eine Weile verirren und in vergangene Zeiten extrapolieren kann. <\/p>\n\n<h2 class=\"wp-block-heading\">Aspekte des Kulturerbes, die in die Reiseroute aufgenommen werden sollten<\/h2>\n\n<p>Die Route verl\u00e4uft entlang der Rambla de G\u00e9rgal und der Rambla Alhamillo. Vor 8 Millionen Jahren, im Mioz\u00e4n, wurden bei der Entstehung des Betischen Gebirges, einem Gebirge, zu dem dieses Gebiet geh\u00f6rt, gro\u00dfe Erdmassen vom Meer besetzt, weshalb sich am Fu\u00dfe der Sierra viele Sedimente ablagerten der Filabres. Wenn wir den Boulevard G\u00e9rgal de Alboloduy entlanggehen und genau beobachten, k\u00f6nnen wir heute Korallenriffe, W\u00fcrmer, Seeigel, Muscheln und andere Meeresfossilien finden. Au\u00dferdem lebt der Boulevard und nach heftigen Regenf\u00e4llen oder \u00dcberschwemmungen k\u00f6nnen neue Fossilien zum Vorschein kommen, die uns ins Staunen versetzen.   <\/p>\n\n<p>Wir k\u00f6nnen beobachten, wie der untere Bereich des Boulevards G\u00e9rgal, weitl\u00e4ufiger und zug\u00e4nglicher, kultiviert und gepflegt wird. Beim Aufstieg verengt sich der Boulevard jedoch mit zunehmend senkrechten W\u00e4nden und wenig Platz f\u00fcr die Bewirtschaftung. Dann verschwinden die gepflegten Bauernh\u00e4user, die Stromleitung und wir beginnen, die fast aufgegebenen Trockenfr\u00fcchte zu beobachten.   <\/p>\n\n<p>Wir erreichen einen Punkt, an dem sich der G\u00e9rgal-Boulevard gabelt, der zu seiner Rechten unpassierbar, ungez\u00e4hmt und jungfr\u00e4ulich wird und zu seiner Linken seinen Nebenfluss namens Alhamillo-Boulevard erh\u00e4lt.<\/p>\n\n<p>Der Alhamillo Boulevard verbirgt eine mineralreiche Quelle, einen nat\u00fcrlich gebauten Stausee und ein kleines System von Gr\u00e4ben, um das Wasser zu den M\u00e4andern des Boulevards zu leiten, wo in der Vergangenheit hochwertiges Gem\u00fcse angebaut wurde. <\/p>\n\n<p>Wir verlassen den Boulevard, der von einigen gro\u00dfen Erdrutschen durchschnitten ist, um etwa 400 Meter auf einem Hangpfad aufzusteigen, bis wir das Plateau namens &#8220;El Campillo&#8221; erreichen, das uns \u00fcber den Viehpfad in die Stadt Las Alcubillas Altas f\u00fchrt. <\/p>\n\n<p>Neben den erosiven Landschaften und dem au\u00dfergew\u00f6hnlichen morphogenetischen Wert weist die Umgebung eine gro\u00dfe Anzahl endemischer Flora und Vegetation auf. Es ist auch ein Durchgangsort f\u00fcr Zugv\u00f6gel aus Nordafrika und Heimat von Echsentieren, Leiternattern, Bastardnattern, F\u00fcchsen, Ginsterkatzen, Wieseln usw. <\/p>\n\n<p>Die Route &#8212;&#8212;&#8212; Rambla G\u00e9rgal-Alhamillo-Alcubillas ist eine Route mit gro\u00dfem Naturreichtum, wechselnden geologischen Formationen, lebendigen Boulevards und der nat\u00fcrlichen Verbindung zwischen den beiden St\u00e4dten der Gemeinde Alboloduy, Alboloduy und Las Alcubillas Altas, wo wir sein reiches kulturelles und ethnografisches Erbe genie\u00dfen k\u00f6nnen.<\/p>\n","protected":false},"excerpt":{"rendered":"<p>Die Alcubillas bestehen aus zwei Bev\u00f6lkerungszentren am Rande der Rambla, die seinen Namen tr\u00e4gt: Las Alcubillas Bajas, die zur Gemeinde Alboloduy geh\u00f6ren, und Alcubillas Altas, die sich die Gemeinden G\u00e9rgal und Alboloduy teilen. Der Name seiner Bewohner ist alcubillero\/a. Der Ursprung des Ortsnamens Las Alcubillas findet sich im mozarabischen Wort &#8220;Alcubilla&#8221; mit der arabischen Wurzel&hellip;&nbsp;<a href=\"http:\/\/turismo.alboloduy.es\/de\/die-alcubillas\/\" class=\"\" rel=\"bookmark\">Read More &raquo;<span class=\"screen-reader-text\">Die Alcubillas<\/span><\/a><\/p>\n","protected":false},"author":2,"featured_media":0,"parent":0,"menu_order":0,"comment_status":"closed","ping_status":"closed","template":"","meta":{"neve_meta_sidebar":"","neve_meta_container":"","neve_meta_enable_content_width":"","neve_meta_content_width":0,"neve_meta_title_alignment":"","neve_meta_author_avatar":"","neve_post_elements_order":"","neve_meta_disable_header":"","neve_meta_disable_footer":"","neve_meta_disable_title":"","footnotes":""},"_links":{"self":[{"href":"http:\/\/turismo.alboloduy.es\/de\/wp-json\/wp\/v2\/pages\/4412"}],"collection":[{"href":"http:\/\/turismo.alboloduy.es\/de\/wp-json\/wp\/v2\/pages"}],"about":[{"href":"http:\/\/turismo.alboloduy.es\/de\/wp-json\/wp\/v2\/types\/page"}],"author":[{"embeddable":true,"href":"http:\/\/turismo.alboloduy.es\/de\/wp-json\/wp\/v2\/users\/2"}],"replies":[{"embeddable":true,"href":"http:\/\/turismo.alboloduy.es\/de\/wp-json\/wp\/v2\/comments?post=4412"}],"version-history":[{"count":1,"href":"http:\/\/turismo.alboloduy.es\/de\/wp-json\/wp\/v2\/pages\/4412\/revisions"}],"predecessor-version":[{"id":4413,"href":"http:\/\/turismo.alboloduy.es\/de\/wp-json\/wp\/v2\/pages\/4412\/revisions\/4413"}],"wp:attachment":[{"href":"http:\/\/turismo.alboloduy.es\/de\/wp-json\/wp\/v2\/media?parent=4412"}],"curies":[{"name":"wp","href":"https:\/\/api.w.org\/{rel}","templated":true}]}}