{"id":3377,"date":"2020-01-13T11:17:52","date_gmt":"2020-01-13T10:17:52","guid":{"rendered":"http:\/\/turismo.alboloduy.es\/\/home\/"},"modified":"2022-12-12T16:53:18","modified_gmt":"2022-12-12T15:53:18","slug":"home","status":"publish","type":"page","link":"http:\/\/turismo.alboloduy.es\/en\/","title":{"rendered":"Home"},"content":{"rendered":"\n<div class=\"wp-block-cover alignfull\" style=\"min-height:395px\"><span aria-hidden=\"true\" class=\"wp-block-cover__background has-background-dim-20 has-background-dim\"><\/span><img decoding=\"async\" loading=\"lazy\" width=\"1600\" height=\"1200\" class=\"wp-block-cover__image-background wp-image-4038\" alt=\"\" src=\"http:\/\/turismo.alboloduy.es\/\/wp-content\/uploads\/2022\/09\/alboloduy-city.jpg\" style=\"object-position:49% 52%\" data-object-fit=\"cover\" data-object-position=\"49% 52%\" srcset=\"http:\/\/turismo.alboloduy.es\/wp-content\/uploads\/2022\/09\/alboloduy-city.jpg 1600w, http:\/\/turismo.alboloduy.es\/wp-content\/uploads\/2022\/09\/alboloduy-city-300x225.jpg 300w, http:\/\/turismo.alboloduy.es\/wp-content\/uploads\/2022\/09\/alboloduy-city-1024x768.jpg 1024w, http:\/\/turismo.alboloduy.es\/wp-content\/uploads\/2022\/09\/alboloduy-city-768x576.jpg 768w, http:\/\/turismo.alboloduy.es\/wp-content\/uploads\/2022\/09\/alboloduy-city-1536x1152.jpg 1536w\" sizes=\"(max-width: 1600px) 100vw, 1600px\" \/><div class=\"wp-block-cover__inner-container is-layout-flow wp-block-cover-is-layout-flow\">\n<h1 class=\"has-text-align-center has-nv-text-dark-bg-color has-text-color wp-block-heading\">Discover Alboloduy<\/h1>\n\n\n\n<p class=\"has-text-align-center has-nv-text-dark-bg-color has-text-color\" style=\"font-size:17px\"><strong>A place to discover and enjoy in the Sierra Nevada<\/strong><\/p>\n<\/div><\/div>\n\n<div style=\"height:30px\" aria-hidden=\"true\" class=\"wp-block-spacer\"><\/div>\n\n<div class=\"wp-block-group is-vertical is-layout-flex wp-container-2 wp-block-group-is-layout-flex\">\n<p class=\"has-medium-font-size\">Alboloduy is a municipality belonging to the province of Almer\u00eda, to the Autonomous Community of Andalusia. It has an area of 70 km\u00b2. This town is part of the Alpujarras of Almeria, it is located within the Sierra Nevada Natural Park. Through this website you could Discover and Explore all the secrets of Alboloduy.<\/p>\n<\/div>\n\n<div style=\"height:30px\" aria-hidden=\"true\" class=\"wp-block-spacer\"><\/div>\n\n<h2 class=\"has-text-align-center wp-block-heading\">Discover<\/h2>\n<div class=\"content-types \">\r\n            <a class=\"restaurant\" href=\"http:\/\/turismo.alboloduy.es\/en\/restaurants\/\" style=\"background-image: url(http:\/\/turismo.alboloduy.es\/\/wp-content\/uploads\/2022\/09\/TIPRECRESTAUR_thumbnail.jpeg)\">\r\n            <span class=\"content-type-title light\">Restaurants<\/span>\r\n        <\/a>\r\n            <a class=\"nature_area\" href=\"http:\/\/turismo.alboloduy.es\/en\/nature-area\/\" style=\"background-image: url(http:\/\/turismo.alboloduy.es\/\/wp-content\/uploads\/2022\/09\/TIPRECAREANATURAL_thumbnail.jpeg)\">\r\n            <span class=\"content-type-title light\">Nature areas<\/span>\r\n        <\/a>\r\n            <a class=\"touristic_route\" href=\"http:\/\/turismo.alboloduy.es\/en\/touristic-routes\/\" style=\"background-image: url(http:\/\/turismo.alboloduy.es\/\/wp-content\/uploads\/2022\/09\/TIPRECRUTATURIS_thumbnail.jpeg)\">\r\n            <span class=\"content-type-title light\">Touristic routes<\/span>\r\n        <\/a>\r\n    <\/div>\r\n<div class=\"content-types-toogle hidden-desktop\">\r\n    <a class=\"content-types-toogle-button\">Show more        <i class=\"arrow down\"><\/i>\r\n    <\/a>\r\n<\/div>\r\n\n\n<div style=\"height:30px\" aria-hidden=\"true\" class=\"wp-block-spacer\"><\/div>\n\n<div class=\"open-mobile-sidebar\"><a href=\"javascript:void(0)\" onclick=\"openNav();\"><i class=\"fa fa-filter\"><\/i><\/a><\/div>\n<div class=\"blog-sidebar hidden-desktop\">\n    <aside>\n        <div id=\"block-1\" class=\"widget widget_block\">\n            <p><\/p>\n            <div class=\"facetwp-facet facetwp-facet-search facetwp-type-search\" data-name=\"search\" data-type=\"search\"><\/div>\n        <\/div>\n        <div id=\"block-2\" class=\"widget widget_block\">\n            <p><\/p>\n            <h3 class=\"myheadingclass\">Types<\/h3><div class=\"facetwp-facet facetwp-facet-nac_types_checkboxes facetwp-type-checkboxes\" data-name=\"nac_types_checkboxes\" data-type=\"checkboxes\"><\/div>\n        <\/div>\n    <\/aside>\n<\/div>\n\n<h2 class=\"has-text-align-center wp-block-heading\">Explore<\/h2>\n\n<div class=\"wp-block-columns is-layout-flex wp-container-5 wp-block-columns-is-layout-flex\">\n<div class=\"wp-block-column is-layout-flow wp-block-column-is-layout-flow\" style=\"flex-basis:30%\"><div class=\"facetwp-facet facetwp-facet-nac_types facetwp-type-fselect\" data-name=\"nac_types\" data-type=\"fselect\"><\/div>\n<\/div>\n\n\n\n<div class=\"wp-block-column hidden-mobile is-layout-flow wp-block-column-is-layout-flow\"><div class=\"facetwp-facet facetwp-facet-search facetwp-type-search\" data-name=\"search\" data-type=\"search\"><\/div>\n<\/div>\n<\/div>\n<div class=\"facetwp-template\" data-name=\"all_nac_items\"><div class=\"fwpl-layout el-08cfu2\"><div class=\"fwpl-result r1\"><div class=\"fwpl-row el-63dxj\"><div class=\"fwpl-col fwpl-col el-i0fl1\"><div class=\"fwpl-item el-rplm\"><a href=\"http:\/\/turismo.alboloduy.es\/en\/touristic-routes\/routes-camino-mozarabe-de-santiago\/\"><img width=\"150\" height=\"150\" src=\"http:\/\/turismo.alboloduy.es\/wp-content\/uploads\/posts_images\/camino-mozarabe-de-santiago-rutas-camino-mozarabe-de-santiago-main_image_93315-150x150.jpeg\" class=\"attachment-thumbnail size-thumbnail wp-post-image\" alt=\"camino-mozarabe-de-santiago-rutas-camino-mozarabe-de-santiago-main_image_93315\" decoding=\"async\" srcset=\"http:\/\/turismo.alboloduy.es\/wp-content\/uploads\/posts_images\/camino-mozarabe-de-santiago-rutas-camino-mozarabe-de-santiago-main_image_93315-150x150.jpeg 150w, http:\/\/turismo.alboloduy.es\/wp-content\/uploads\/posts_images\/camino-mozarabe-de-santiago-rutas-camino-mozarabe-de-santiago-main_image_93315-200x200.jpeg 200w\" sizes=\"(max-width: 150px) 100vw, 150px\" \/><\/a><\/div><\/div><div class=\"fwpl-col fwpl-col el-r15a8k\"><div class=\"fwpl-item el-1e8nio post-title\"><a href=\"http:\/\/turismo.alboloduy.es\/en\/touristic-routes\/routes-camino-mozarabe-de-santiago\/\">Camino Moz\u00e1rabe de Santiago<\/a><\/div><div class=\"fwpl-item el-irnuy nac-entry-summary\">The Camino Moz\u00e1rabe de Santiago is formed by a series of itineraries, mainly of historic nature, which depart from the main cities in eastern Andalusia (Almeria, Granada, Jaen and Malaga) and converge in Cordoba, from which an already unique route begins before merging in Merida with the V\u00eda de la Plata.These routes pass through diverse...<\/div><\/div><\/div><\/div><div class=\"fwpl-result r2\"><div class=\"fwpl-row el-63dxj\"><div class=\"fwpl-col fwpl-col el-i0fl1\"><div class=\"fwpl-item el-rplm\"><a href=\"http:\/\/turismo.alboloduy.es\/en\/touristic-routes\/alboloduy-routes-sendero-vereda-de-alcozayar-pr-a-17\/\"><img width=\"150\" height=\"150\" src=\"http:\/\/turismo.alboloduy.es\/wp-content\/uploads\/posts_images\/sendero-vereda-de-alcozayar-pr-a-17-alboloduy-rutas-sendero-vereda-de-alcozayar-pr-a-17-main_image_64220-150x150.jpeg\" class=\"attachment-thumbnail size-thumbnail wp-post-image\" alt=\"sendero-vereda-de-alcozayar-pr-a-17-alboloduy-rutas-sendero-vereda-de-alcozayar-pr-a-17-main_image_64220\" decoding=\"async\" srcset=\"http:\/\/turismo.alboloduy.es\/wp-content\/uploads\/posts_images\/sendero-vereda-de-alcozayar-pr-a-17-alboloduy-rutas-sendero-vereda-de-alcozayar-pr-a-17-main_image_64220-150x150.jpeg 150w, http:\/\/turismo.alboloduy.es\/wp-content\/uploads\/posts_images\/sendero-vereda-de-alcozayar-pr-a-17-alboloduy-rutas-sendero-vereda-de-alcozayar-pr-a-17-main_image_64220-200x200.jpeg 200w\" sizes=\"(max-width: 150px) 100vw, 150px\" \/><\/a><\/div><\/div><div class=\"fwpl-col fwpl-col el-r15a8k\"><div class=\"fwpl-item el-1e8nio post-title\"><a href=\"http:\/\/turismo.alboloduy.es\/en\/touristic-routes\/alboloduy-routes-sendero-vereda-de-alcozayar-pr-a-17\/\">Vereda de Alcoz\u00e1yar Trail - PR-A 17<\/a><\/div><div class=\"fwpl-item el-irnuy nac-entry-summary\">The Vereda de Alcoz\u00e1yar Trail \u2013 PR-A 17 runs through the surroundings of the Sierra Nevada National Park and Natural Park, through the land belonging to the municipality of Alboloduy, with its narrow streets that still conserve typical Mozarabic architecture and beautiful &#8220;tinaos&#8221;\u2013 little covered areas that are a typical feature of the Alpujarra region.The...<\/div><\/div><\/div><\/div><div class=\"fwpl-result r3\"><div class=\"fwpl-row el-63dxj\"><div class=\"fwpl-col fwpl-col el-i0fl1\"><div class=\"fwpl-item el-rplm\"><a href=\"http:\/\/turismo.alboloduy.es\/en\/touristic-routes\/alboloduy-routes-sendero-cordel-de-la-solana-pr-a-16\/\"><img width=\"150\" height=\"150\" src=\"http:\/\/turismo.alboloduy.es\/wp-content\/uploads\/posts_images\/sendero-cordel-de-la-solana-pr-a-16-alboloduy-rutas-sendero-cordel-de-la-solana-pr-a-16-main_image_64209-150x150.jpeg\" class=\"attachment-thumbnail size-thumbnail wp-post-image\" alt=\"sendero-cordel-de-la-solana-pr-a-16-alboloduy-rutas-sendero-cordel-de-la-solana-pr-a-16-main_image_64209\" decoding=\"async\" srcset=\"http:\/\/turismo.alboloduy.es\/wp-content\/uploads\/posts_images\/sendero-cordel-de-la-solana-pr-a-16-alboloduy-rutas-sendero-cordel-de-la-solana-pr-a-16-main_image_64209-150x150.jpeg 150w, http:\/\/turismo.alboloduy.es\/wp-content\/uploads\/posts_images\/sendero-cordel-de-la-solana-pr-a-16-alboloduy-rutas-sendero-cordel-de-la-solana-pr-a-16-main_image_64209-200x200.jpeg 200w\" sizes=\"(max-width: 150px) 100vw, 150px\" \/><\/a><\/div><\/div><div class=\"fwpl-col fwpl-col el-r15a8k\"><div class=\"fwpl-item el-1e8nio post-title\"><a href=\"http:\/\/turismo.alboloduy.es\/en\/touristic-routes\/alboloduy-routes-sendero-cordel-de-la-solana-pr-a-16\/\">Cordel de la Solana Trail - PR-A 16<\/a><\/div><div class=\"fwpl-item el-irnuy nac-entry-summary\">The Cordel de la Solana Trail PR-A 16 goes through the Sierra Nevada National Park and Nature Reserve, one of the nature paradises in Andalusia. It starts in Alboloduy, beside the church. We follow the signposts indicating the way out of the town by its highest point. Here are the information panels about the start...<\/div><\/div><\/div><\/div><div class=\"fwpl-result r4\"><div class=\"fwpl-row el-63dxj\"><div class=\"fwpl-col fwpl-col el-i0fl1\"><div class=\"fwpl-item el-rplm\"><a href=\"http:\/\/turismo.alboloduy.es\/en\/nature-area\/natural-spaces-sierra-nevada\/\"><img width=\"150\" height=\"150\" src=\"http:\/\/turismo.alboloduy.es\/wp-content\/uploads\/posts_images\/sierra-nevada-espacios-naturales-sierra-nevada-main_image_54357-150x150.jpeg\" class=\"attachment-thumbnail size-thumbnail wp-post-image\" alt=\"sierra-nevada-espacios-naturales-sierra-nevada-main_image_54357\" decoding=\"async\" srcset=\"http:\/\/turismo.alboloduy.es\/wp-content\/uploads\/posts_images\/sierra-nevada-espacios-naturales-sierra-nevada-main_image_54357-150x150.jpeg 150w, http:\/\/turismo.alboloduy.es\/wp-content\/uploads\/posts_images\/sierra-nevada-espacios-naturales-sierra-nevada-main_image_54357-200x200.jpeg 200w\" sizes=\"(max-width: 150px) 100vw, 150px\" \/><\/a><\/div><\/div><div class=\"fwpl-col fwpl-col el-r15a8k\"><div class=\"fwpl-item el-1e8nio post-title\"><a href=\"http:\/\/turismo.alboloduy.es\/en\/nature-area\/natural-spaces-sierra-nevada\/\">Sierra Nevada<\/a><\/div><div class=\"fwpl-item el-irnuy nac-entry-summary\">Like a stone ring embracing the almost perpetual albino snow of its peaks, the Sierra Nevada Nature Park spills out in search of the holes in the plateau and Granada, the &#8220;tahas&#8221; of Las Alpujarras and the peat bogs of Lecr\u00edn, an outburst of water, forests and abrupt formations that are home to the most...<\/div><\/div><\/div><\/div><div class=\"fwpl-result r5\"><div class=\"fwpl-row el-63dxj\"><div class=\"fwpl-col fwpl-col el-i0fl1\"><div class=\"fwpl-item el-rplm\"><a href=\"http:\/\/turismo.alboloduy.es\/en\/nature-area\/natural-spaces-desierto-de-tabernas\/\"><img width=\"150\" height=\"150\" src=\"http:\/\/turismo.alboloduy.es\/wp-content\/uploads\/posts_images\/desierto-de-tabernas-espacios-naturales-desierto-de-tabernas-main_image_54212-150x150.jpeg\" class=\"attachment-thumbnail size-thumbnail wp-post-image\" alt=\"desierto-de-tabernas-espacios-naturales-desierto-de-tabernas-main_image_54212\" decoding=\"async\" srcset=\"http:\/\/turismo.alboloduy.es\/wp-content\/uploads\/posts_images\/desierto-de-tabernas-espacios-naturales-desierto-de-tabernas-main_image_54212-150x150.jpeg 150w, http:\/\/turismo.alboloduy.es\/wp-content\/uploads\/posts_images\/desierto-de-tabernas-espacios-naturales-desierto-de-tabernas-main_image_54212-200x200.jpeg 200w\" sizes=\"(max-width: 150px) 100vw, 150px\" \/><\/a><\/div><\/div><div class=\"fwpl-col fwpl-col el-r15a8k\"><div class=\"fwpl-item el-1e8nio post-title\"><a href=\"http:\/\/turismo.alboloduy.es\/en\/nature-area\/natural-spaces-desierto-de-tabernas\/\">Desierto de Tabernas<\/a><\/div><div class=\"fwpl-item el-irnuy nac-entry-summary\">The Tabernas Desert Natural Beauty Spot is located on a strip of 11,625 hectares situated to the north of the city of Almer\u00eda, between the Filabres and Alhamilla mountain ranges.It is considered to be the only real desert on the whole European continent and its scenery is tremendously stimulating and startling. With a semiarid Mediterranean...<\/div><\/div><\/div><\/div><div class=\"fwpl-result r6\"><div class=\"fwpl-row el-63dxj\"><div class=\"fwpl-col fwpl-col el-i0fl1\"><div class=\"fwpl-item el-rplm\"><a href=\"http:\/\/turismo.alboloduy.es\/en\/restaurants\/alboloduy-where-to-eat-luis-pena\/\"><img width=\"150\" height=\"150\" src=\"http:\/\/turismo.alboloduy.es\/wp-content\/uploads\/posts_images\/luis-pena-alboloduy-donde-comer-luis-pena-main_image_42036-150x150.jpeg\" class=\"attachment-thumbnail size-thumbnail wp-post-image\" alt=\"luis-pena-alboloduy-donde-comer-luis-pena-main_image_42036\" decoding=\"async\" srcset=\"http:\/\/turismo.alboloduy.es\/wp-content\/uploads\/posts_images\/luis-pena-alboloduy-donde-comer-luis-pena-main_image_42036-150x150.jpeg 150w, http:\/\/turismo.alboloduy.es\/wp-content\/uploads\/posts_images\/luis-pena-alboloduy-donde-comer-luis-pena-main_image_42036-200x200.jpeg 200w\" sizes=\"(max-width: 150px) 100vw, 150px\" \/><\/a><\/div><\/div><div class=\"fwpl-col fwpl-col el-r15a8k\"><div class=\"fwpl-item el-1e8nio post-title\"><a href=\"http:\/\/turismo.alboloduy.es\/en\/restaurants\/alboloduy-where-to-eat-luis-pena\/\">Luis Pe\u00f1a<\/a><\/div><div class=\"fwpl-item el-irnuy nac-entry-summary\">At the foot of Sierra Nevada and on the outskirts of Alboloduy,Luis Pe\u00f1a Restaurant offers exquisite meat dishes and a relaxing, cosy atmosphere in this wonderful spot in Almer\u00eda.With an outstanding service and prices within reach of all budgets, the Luis Pe\u00f1a menu features fillet steak with roquefort sauce, pork knuckle and grilled meats. Price...<\/div><\/div><\/div><\/div><\/div>\n<style>\n.fwpl-layout, .fwpl-row {\n    display: grid;\n}\n.fwpl-layout.el-08cfu2 {\n    grid-template-columns: repeat(3, 1fr);\n    grid-gap: 10px;\n}\n.fwpl-row.el-63dxj {\n    grid-template-columns: 33.0% 1fr;\n    padding: 0px 0px 5px 0px;\n}\n.fwpl-col.el-r15a8k {\n    padding: 0px 0px 0px 5px;\n}\n.fwpl-item.el-irnuy {\n    font-size: 14px;\n    color: #4e4e4e;\n}\n<\/style>\n<\/div>\n\n<div style=\"height:30px\" aria-hidden=\"true\" class=\"wp-block-spacer\"><\/div>\n\n<div class=\"wp-block-cover alignfull\" style=\"min-height:478px\"><span aria-hidden=\"true\" class=\"wp-block-cover__background has-neve-link-hover-color-background-color has-background-dim-20 has-background-dim\"><\/span><img decoding=\"async\" loading=\"lazy\" width=\"1600\" height=\"1200\" class=\"wp-block-cover__image-background wp-image-4038\" alt=\"\" src=\"http:\/\/turismo.alboloduy.es\/\/wp-content\/uploads\/2022\/09\/alboloduy-city.jpg\" data-object-fit=\"cover\" srcset=\"http:\/\/turismo.alboloduy.es\/wp-content\/uploads\/2022\/09\/alboloduy-city.jpg 1600w, http:\/\/turismo.alboloduy.es\/wp-content\/uploads\/2022\/09\/alboloduy-city-300x225.jpg 300w, http:\/\/turismo.alboloduy.es\/wp-content\/uploads\/2022\/09\/alboloduy-city-1024x768.jpg 1024w, http:\/\/turismo.alboloduy.es\/wp-content\/uploads\/2022\/09\/alboloduy-city-768x576.jpg 768w, http:\/\/turismo.alboloduy.es\/wp-content\/uploads\/2022\/09\/alboloduy-city-1536x1152.jpg 1536w\" sizes=\"(max-width: 1600px) 100vw, 1600px\" \/><div class=\"wp-block-cover__inner-container is-layout-flow wp-block-cover-is-layout-flow\">\n<div style=\"height:47px\" aria-hidden=\"true\" class=\"wp-block-spacer\"><\/div>\n\n\n\n<h2 class=\"has-text-align-center has-nv-text-dark-bg-color has-text-color wp-block-heading\">Alboloduy Town Hall<\/h2>\n\n\n\n<p class=\"has-text-align-center has-nv-site-bg-color has-text-color\">Visit the website of the town hall if you need specific information or want to do any procedure with the administration.<\/p>\n\n\n\n<div class=\"wp-block-buttons is-horizontal is-content-justification-center is-layout-flex wp-container-6 wp-block-buttons-is-layout-flex\">\n<div class=\"wp-block-button is-style-secondary\"><a class=\"wp-block-button__link wp-element-button\" href=\"http:\/\/www.alboloduy.es\/\" target=\"_blank\" rel=\"noreferrer noopener\">More information<\/a><\/div>\n<\/div>\n\n\n\n<div style=\"height:40px\" aria-hidden=\"true\" class=\"wp-block-spacer\"><\/div>\n<\/div><\/div>\n","protected":false},"excerpt":{"rendered":"<p>Alboloduy is a municipality belonging to the province of Almer\u00eda, to the Autonomous Community of Andalusia. It has an area of 70 km\u00b2. This town is part of the Alpujarras of Almeria, it is located within the Sierra Nevada Natural Park. Through this website you could Discover and Explore all the secrets of Alboloduy. Discover&hellip;&nbsp;<a href=\"http:\/\/turismo.alboloduy.es\/en\/\" class=\"\" rel=\"bookmark\">Read More &raquo;<span class=\"screen-reader-text\">Home<\/span><\/a><\/p>\n","protected":false},"author":2,"featured_media":0,"parent":0,"menu_order":0,"comment_status":"closed","ping_status":"closed","template":"","meta":{"neve_meta_sidebar":"default","neve_meta_container":"","neve_meta_enable_content_width":"on","neve_meta_content_width":100,"neve_meta_title_alignment":"","neve_meta_author_avatar":"","neve_post_elements_order":"","neve_meta_disable_header":"","neve_meta_disable_footer":"","neve_meta_disable_title":"on","footnotes":""},"_links":{"self":[{"href":"http:\/\/turismo.alboloduy.es\/en\/wp-json\/wp\/v2\/pages\/3377"}],"collection":[{"href":"http:\/\/turismo.alboloduy.es\/en\/wp-json\/wp\/v2\/pages"}],"about":[{"href":"http:\/\/turismo.alboloduy.es\/en\/wp-json\/wp\/v2\/types\/page"}],"author":[{"embeddable":true,"href":"http:\/\/turismo.alboloduy.es\/en\/wp-json\/wp\/v2\/users\/2"}],"replies":[{"embeddable":true,"href":"http:\/\/turismo.alboloduy.es\/en\/wp-json\/wp\/v2\/comments?post=3377"}],"version-history":[{"count":18,"href":"http:\/\/turismo.alboloduy.es\/en\/wp-json\/wp\/v2\/pages\/3377\/revisions"}],"predecessor-version":[{"id":4350,"href":"http:\/\/turismo.alboloduy.es\/en\/wp-json\/wp\/v2\/pages\/3377\/revisions\/4350"}],"wp:attachment":[{"href":"http:\/\/turismo.alboloduy.es\/en\/wp-json\/wp\/v2\/media?parent=3377"}],"curies":[{"name":"wp","href":"https:\/\/api.w.org\/{rel}","templated":true}]}}