{"id":4361,"date":"2022-12-12T10:32:38","date_gmt":"2022-12-12T09:32:38","guid":{"rendered":"http:\/\/turismo.alboloduy.es\/comment-arriver\/"},"modified":"2022-12-12T16:56:28","modified_gmt":"2022-12-12T15:56:28","slug":"comment-arriver","status":"publish","type":"page","link":"http:\/\/turismo.alboloduy.es\/fr\/comment-arriver\/","title":{"rendered":"Comment Arriver"},"content":{"rendered":"\n<p>Pour aller d&#8217;Almer\u00eda \u00e0 Alboloduy, nous prendrons l&#8217;autoroute nationale, A-92a ou N-340a. \u00c0 Benahadux, nous tournons \u00e0 gauche au rond-point pour prendre l&#8217;A-348, en direction d&#8217;Alhama de Almer\u00eda. 8 km plus tard, nous tournerons \u00e0 gauche pour prendre l&#8217;A-1075, en direction d&#8217;Alhabia. Apr\u00e8s une descente avec de nombreuses courbes d&#8217;environ 5 km, nous arriverons \u00e0 un pont apr\u00e8s lequel nous tournerons \u00e0 gauche vers Alhabia (attention car cette intersection n&#8217;est pas si balis\u00e9e et la route que nous devons prendre est presque invisible en descendant). Nous traverserons bient\u00f4t Alhabia et la route nous conduira \u00e0 Alboloduy en quelques minutes.<\/p>\n\n<p><br\/>Si nous venons du nord, nous prendrons la sortie 352 de l&#8217;A-92 (Venta del Pino) \u200b\u200b\u200b\u200bqui nous emm\u00e8ne sur la route A-1075 qui passe par Alboloduy.<\/p>\n","protected":false},"excerpt":{"rendered":"<p>Pour aller d&#8217;Almer\u00eda \u00e0 Alboloduy, nous prendrons l&#8217;autoroute nationale, A-92a ou N-340a. \u00c0 Benahadux, nous tournons \u00e0 gauche au rond-point pour prendre l&#8217;A-348, en direction d&#8217;Alhama de Almer\u00eda. 8 km plus tard, nous tournerons \u00e0 gauche pour prendre l&#8217;A-1075, en direction d&#8217;Alhabia. Apr\u00e8s une descente avec de nombreuses courbes d&#8217;environ 5 km, nous arriverons \u00e0&hellip;&nbsp;<a href=\"http:\/\/turismo.alboloduy.es\/fr\/comment-arriver\/\" class=\"\" rel=\"bookmark\">Read More &raquo;<span class=\"screen-reader-text\">Comment Arriver<\/span><\/a><\/p>\n","protected":false},"author":2,"featured_media":0,"parent":0,"menu_order":0,"comment_status":"closed","ping_status":"closed","template":"","meta":{"neve_meta_sidebar":"","neve_meta_container":"","neve_meta_enable_content_width":"","neve_meta_content_width":0,"neve_meta_title_alignment":"","neve_meta_author_avatar":"","neve_post_elements_order":"","neve_meta_disable_header":"","neve_meta_disable_footer":"","neve_meta_disable_title":"","footnotes":""},"_links":{"self":[{"href":"http:\/\/turismo.alboloduy.es\/fr\/wp-json\/wp\/v2\/pages\/4361"}],"collection":[{"href":"http:\/\/turismo.alboloduy.es\/fr\/wp-json\/wp\/v2\/pages"}],"about":[{"href":"http:\/\/turismo.alboloduy.es\/fr\/wp-json\/wp\/v2\/types\/page"}],"author":[{"embeddable":true,"href":"http:\/\/turismo.alboloduy.es\/fr\/wp-json\/wp\/v2\/users\/2"}],"replies":[{"embeddable":true,"href":"http:\/\/turismo.alboloduy.es\/fr\/wp-json\/wp\/v2\/comments?post=4361"}],"version-history":[{"count":1,"href":"http:\/\/turismo.alboloduy.es\/fr\/wp-json\/wp\/v2\/pages\/4361\/revisions"}],"predecessor-version":[{"id":4362,"href":"http:\/\/turismo.alboloduy.es\/fr\/wp-json\/wp\/v2\/pages\/4361\/revisions\/4362"}],"wp:attachment":[{"href":"http:\/\/turismo.alboloduy.es\/fr\/wp-json\/wp\/v2\/media?parent=4361"}],"curies":[{"name":"wp","href":"https:\/\/api.w.org\/{rel}","templated":true}]}}