{"id":4384,"date":"2022-12-12T16:44:14","date_gmt":"2022-12-12T15:44:14","guid":{"rendered":"http:\/\/turismo.alboloduy.es\/centre-dinterpretation\/"},"modified":"2022-12-12T17:09:55","modified_gmt":"2022-12-12T16:09:55","slug":"centre-dinterpretation","status":"publish","type":"page","link":"http:\/\/turismo.alboloduy.es\/fr\/centre-dinterpretation\/","title":{"rendered":"Centre d&#8217;interpr\u00e9tation"},"content":{"rendered":"\n<h2 class=\"wp-block-heading\">Maison du duc Gor<\/h2>\n<div class=\"wp-block-image\">\n<figure class=\"aligncenter size-full is-resized\"><img decoding=\"async\" loading=\"lazy\" src=\"http:\/\/turismo.alboloduy.es\/wp-content\/uploads\/2022\/12\/casa-del-duque-Gor.jpg\" alt=\"\" class=\"wp-image-4287\" width=\"570\" height=\"380\" srcset=\"http:\/\/turismo.alboloduy.es\/wp-content\/uploads\/2022\/12\/casa-del-duque-Gor.jpg 760w, http:\/\/turismo.alboloduy.es\/wp-content\/uploads\/2022\/12\/casa-del-duque-Gor-300x200.jpg 300w\" sizes=\"(max-width: 570px) 100vw, 570px\" \/><\/figure><\/div>\n<p>Vestiges de l&#8217;ancienne maison, construite en ma\u00e7onnerie avec pierres apparentes et torchis.<\/p>\n\n<p>Construction repr\u00e9sentative de la puissance aristocratique de la r\u00e9gion, elle ne conserve qu&#8217;une partie du mur qui regarde le fleuve et une partie d&#8217;un c\u00f4t\u00e9.<\/p>\n\n<p>Les armoiries d&#8217;Alboloduy ont \u00e9t\u00e9 approuv\u00e9es par la session pl\u00e9ni\u00e8re de sa mairie le 16 juillet 2003 et inscrites au registre andalou des symboles des entit\u00e9s locales le 11 avril 2004, elles portent les armoiries suivantes :<\/p>\n\n<p>Bouclier fendu. Premi\u00e8re Caserne : Dans le champ de Sinople, Tour de l&#8217;Horloge.<\/p>\n\n<p>Deuxi\u00e8me quartier : Armoiries de la Maison de Castille, Duc de Gor et Seigneur d&#8217;Alboloduy.<\/p>\n\n<h2 class=\"wp-block-heading\">Entr\u00e9e<\/h2>\n<div class=\"wp-block-image\">\n<figure class=\"aligncenter size-large\"><img decoding=\"async\" loading=\"lazy\" width=\"768\" height=\"1024\" src=\"http:\/\/turismo.alboloduy.es\/wp-content\/uploads\/2022\/12\/IMG_20141202_112412-768x1024.jpg\" alt=\"\" class=\"wp-image-4291\" srcset=\"http:\/\/turismo.alboloduy.es\/wp-content\/uploads\/2022\/12\/IMG_20141202_112412-768x1024.jpg 768w, http:\/\/turismo.alboloduy.es\/wp-content\/uploads\/2022\/12\/IMG_20141202_112412-225x300.jpg 225w, http:\/\/turismo.alboloduy.es\/wp-content\/uploads\/2022\/12\/IMG_20141202_112412-1152x1536.jpg 1152w, http:\/\/turismo.alboloduy.es\/wp-content\/uploads\/2022\/12\/IMG_20141202_112412.jpg 1200w\" sizes=\"(max-width: 768px) 100vw, 768px\" \/><\/figure><\/div>\n<div style=\"height:40px\" aria-hidden=\"true\" class=\"wp-block-spacer\"><\/div>\n<div class=\"wp-block-image\">\n<figure class=\"aligncenter size-large\"><img decoding=\"async\" loading=\"lazy\" width=\"1024\" height=\"768\" src=\"http:\/\/turismo.alboloduy.es\/wp-content\/uploads\/2022\/12\/IMG_20141202_112438-1024x768.jpg\" alt=\"\" class=\"wp-image-4295\" srcset=\"http:\/\/turismo.alboloduy.es\/wp-content\/uploads\/2022\/12\/IMG_20141202_112438-1024x768.jpg 1024w, http:\/\/turismo.alboloduy.es\/wp-content\/uploads\/2022\/12\/IMG_20141202_112438-300x225.jpg 300w, http:\/\/turismo.alboloduy.es\/wp-content\/uploads\/2022\/12\/IMG_20141202_112438-768x576.jpg 768w, http:\/\/turismo.alboloduy.es\/wp-content\/uploads\/2022\/12\/IMG_20141202_112438-1536x1152.jpg 1536w, http:\/\/turismo.alboloduy.es\/wp-content\/uploads\/2022\/12\/IMG_20141202_112438.jpg 1600w\" sizes=\"(max-width: 1024px) 100vw, 1024px\" \/><\/figure><\/div>\n<div style=\"height:40px\" aria-hidden=\"true\" class=\"wp-block-spacer\"><\/div>\n\n<h2 class=\"wp-block-heading\">Sierra Nevada, espace de vie (classe nature)<\/h2>\n\n<div style=\"height:40px\" aria-hidden=\"true\" class=\"wp-block-spacer\"><\/div>\n<div class=\"wp-block-image\">\n<figure class=\"aligncenter size-large\"><img decoding=\"async\" loading=\"lazy\" width=\"1024\" height=\"833\" src=\"http:\/\/turismo.alboloduy.es\/wp-content\/uploads\/2022\/12\/aula-naturaleza-3-1024x833.jpg\" alt=\"\" class=\"wp-image-4299\" srcset=\"http:\/\/turismo.alboloduy.es\/wp-content\/uploads\/2022\/12\/aula-naturaleza-3-1024x833.jpg 1024w, http:\/\/turismo.alboloduy.es\/wp-content\/uploads\/2022\/12\/aula-naturaleza-3-300x244.jpg 300w, http:\/\/turismo.alboloduy.es\/wp-content\/uploads\/2022\/12\/aula-naturaleza-3-768x625.jpg 768w, http:\/\/turismo.alboloduy.es\/wp-content\/uploads\/2022\/12\/aula-naturaleza-3-1536x1250.jpg 1536w, http:\/\/turismo.alboloduy.es\/wp-content\/uploads\/2022\/12\/aula-naturaleza-3.jpg 1600w\" sizes=\"(max-width: 1024px) 100vw, 1024px\" \/><\/figure><\/div>\n<div style=\"height:40px\" aria-hidden=\"true\" class=\"wp-block-spacer\"><\/div>\n<div class=\"wp-block-image\">\n<figure class=\"aligncenter size-large\"><img decoding=\"async\" loading=\"lazy\" width=\"1024\" height=\"768\" src=\"http:\/\/turismo.alboloduy.es\/wp-content\/uploads\/2022\/12\/aula-naturaleza-9-1024x768.jpg\" alt=\"\" class=\"wp-image-4303\" srcset=\"http:\/\/turismo.alboloduy.es\/wp-content\/uploads\/2022\/12\/aula-naturaleza-9-1024x768.jpg 1024w, http:\/\/turismo.alboloduy.es\/wp-content\/uploads\/2022\/12\/aula-naturaleza-9-300x225.jpg 300w, http:\/\/turismo.alboloduy.es\/wp-content\/uploads\/2022\/12\/aula-naturaleza-9-768x576.jpg 768w, http:\/\/turismo.alboloduy.es\/wp-content\/uploads\/2022\/12\/aula-naturaleza-9-1536x1152.jpg 1536w, http:\/\/turismo.alboloduy.es\/wp-content\/uploads\/2022\/12\/aula-naturaleza-9.jpg 1600w\" sizes=\"(max-width: 1024px) 100vw, 1024px\" \/><\/figure><\/div>\n<div style=\"height:40px\" aria-hidden=\"true\" class=\"wp-block-spacer\"><\/div>\n<div class=\"wp-block-image\">\n<figure class=\"aligncenter size-full\"><img decoding=\"async\" loading=\"lazy\" width=\"654\" height=\"486\" src=\"http:\/\/turismo.alboloduy.es\/wp-content\/uploads\/2022\/12\/11-modificada-naturaleza2.jpg\" alt=\"\" class=\"wp-image-4307\" srcset=\"http:\/\/turismo.alboloduy.es\/wp-content\/uploads\/2022\/12\/11-modificada-naturaleza2.jpg 654w, http:\/\/turismo.alboloduy.es\/wp-content\/uploads\/2022\/12\/11-modificada-naturaleza2-300x223.jpg 300w\" sizes=\"(max-width: 654px) 100vw, 654px\" \/><\/figure><\/div>\n<div style=\"height:40px\" aria-hidden=\"true\" class=\"wp-block-spacer\"><\/div>\n\n<h2 class=\"wp-block-heading\">Les premi\u00e8res colonies (Pr\u00e9histoire) <\/h2>\n\n<div style=\"height:40px\" aria-hidden=\"true\" class=\"wp-block-spacer\"><\/div>\n<div class=\"wp-block-image\">\n<figure class=\"aligncenter size-large\"><img decoding=\"async\" loading=\"lazy\" width=\"1024\" height=\"869\" src=\"http:\/\/turismo.alboloduy.es\/wp-content\/uploads\/2022\/12\/prehjistoria-8-1024x869.jpg\" alt=\"\" class=\"wp-image-4311\" srcset=\"http:\/\/turismo.alboloduy.es\/wp-content\/uploads\/2022\/12\/prehjistoria-8-1024x869.jpg 1024w, http:\/\/turismo.alboloduy.es\/wp-content\/uploads\/2022\/12\/prehjistoria-8-300x255.jpg 300w, http:\/\/turismo.alboloduy.es\/wp-content\/uploads\/2022\/12\/prehjistoria-8-768x652.jpg 768w, http:\/\/turismo.alboloduy.es\/wp-content\/uploads\/2022\/12\/prehjistoria-8-1536x1304.jpg 1536w, http:\/\/turismo.alboloduy.es\/wp-content\/uploads\/2022\/12\/prehjistoria-8.jpg 1600w\" sizes=\"(max-width: 1024px) 100vw, 1024px\" \/><\/figure><\/div>\n<div style=\"height:40px\" aria-hidden=\"true\" class=\"wp-block-spacer\"><\/div>\n<div class=\"wp-block-image\">\n<figure class=\"aligncenter size-large\"><img decoding=\"async\" loading=\"lazy\" width=\"1024\" height=\"1006\" src=\"http:\/\/turismo.alboloduy.es\/wp-content\/uploads\/2022\/12\/prehjistoria-4-1024x1006.jpg\" alt=\"\" class=\"wp-image-4315\" srcset=\"http:\/\/turismo.alboloduy.es\/wp-content\/uploads\/2022\/12\/prehjistoria-4-1024x1006.jpg 1024w, http:\/\/turismo.alboloduy.es\/wp-content\/uploads\/2022\/12\/prehjistoria-4-300x295.jpg 300w, http:\/\/turismo.alboloduy.es\/wp-content\/uploads\/2022\/12\/prehjistoria-4-768x755.jpg 768w, http:\/\/turismo.alboloduy.es\/wp-content\/uploads\/2022\/12\/prehjistoria-4-1536x1509.jpg 1536w, http:\/\/turismo.alboloduy.es\/wp-content\/uploads\/2022\/12\/prehjistoria-4.jpg 1600w\" sizes=\"(max-width: 1024px) 100vw, 1024px\" \/><\/figure><\/div>\n<div style=\"height:40px\" aria-hidden=\"true\" class=\"wp-block-spacer\"><\/div>\n<div class=\"wp-block-image\">\n<figure class=\"aligncenter size-large\"><img decoding=\"async\" loading=\"lazy\" width=\"429\" height=\"1024\" src=\"http:\/\/turismo.alboloduy.es\/wp-content\/uploads\/2022\/12\/prehjistoria-14-429x1024.jpg\" alt=\"\" class=\"wp-image-4319\" srcset=\"http:\/\/turismo.alboloduy.es\/wp-content\/uploads\/2022\/12\/prehjistoria-14-429x1024.jpg 429w, http:\/\/turismo.alboloduy.es\/wp-content\/uploads\/2022\/12\/prehjistoria-14-126x300.jpg 126w, http:\/\/turismo.alboloduy.es\/wp-content\/uploads\/2022\/12\/prehjistoria-14-643x1536.jpg 643w, http:\/\/turismo.alboloduy.es\/wp-content\/uploads\/2022\/12\/prehjistoria-14.jpg 670w\" sizes=\"(max-width: 429px) 100vw, 429px\" \/><\/figure><\/div>\n<div style=\"height:40px\" aria-hidden=\"true\" class=\"wp-block-spacer\"><\/div>\n\n<h2 class=\"wp-block-heading\">L&#8217;Alpujarra islamique et l&#8217;h\u00e9ritage andalou<\/h2>\n\n<div style=\"height:40px\" aria-hidden=\"true\" class=\"wp-block-spacer\"><\/div>\n<div class=\"wp-block-image\">\n<figure class=\"aligncenter size-large\"><img decoding=\"async\" loading=\"lazy\" width=\"1024\" height=\"955\" src=\"http:\/\/turismo.alboloduy.es\/wp-content\/uploads\/2022\/12\/periodo-musulman-cristiano-1-1024x955.jpg\" alt=\"\" class=\"wp-image-4325\" srcset=\"http:\/\/turismo.alboloduy.es\/wp-content\/uploads\/2022\/12\/periodo-musulman-cristiano-1-1024x955.jpg 1024w, http:\/\/turismo.alboloduy.es\/wp-content\/uploads\/2022\/12\/periodo-musulman-cristiano-1-300x280.jpg 300w, http:\/\/turismo.alboloduy.es\/wp-content\/uploads\/2022\/12\/periodo-musulman-cristiano-1-768x716.jpg 768w, http:\/\/turismo.alboloduy.es\/wp-content\/uploads\/2022\/12\/periodo-musulman-cristiano-1-1536x1432.jpg 1536w, http:\/\/turismo.alboloduy.es\/wp-content\/uploads\/2022\/12\/periodo-musulman-cristiano-1.jpg 1600w\" sizes=\"(max-width: 1024px) 100vw, 1024px\" \/><\/figure><\/div>\n<div style=\"height:40px\" aria-hidden=\"true\" class=\"wp-block-spacer\"><\/div>\n<div class=\"wp-block-image\">\n<figure class=\"aligncenter size-large\"><img decoding=\"async\" loading=\"lazy\" width=\"1024\" height=\"768\" src=\"http:\/\/turismo.alboloduy.es\/wp-content\/uploads\/2022\/12\/periodo-musulman-cristiano-1024x768.jpg\" alt=\"\" class=\"wp-image-4329\" srcset=\"http:\/\/turismo.alboloduy.es\/wp-content\/uploads\/2022\/12\/periodo-musulman-cristiano-1024x768.jpg 1024w, http:\/\/turismo.alboloduy.es\/wp-content\/uploads\/2022\/12\/periodo-musulman-cristiano-300x225.jpg 300w, http:\/\/turismo.alboloduy.es\/wp-content\/uploads\/2022\/12\/periodo-musulman-cristiano-768x576.jpg 768w, http:\/\/turismo.alboloduy.es\/wp-content\/uploads\/2022\/12\/periodo-musulman-cristiano-1536x1152.jpg 1536w, http:\/\/turismo.alboloduy.es\/wp-content\/uploads\/2022\/12\/periodo-musulman-cristiano.jpg 1600w\" sizes=\"(max-width: 1024px) 100vw, 1024px\" \/><\/figure><\/div>\n<div style=\"height:40px\" aria-hidden=\"true\" class=\"wp-block-spacer\"><\/div>\n\n<h2 class=\"wp-block-heading\">La configuration de l&#8217;Alpujarra chr\u00e9tienne et son \u00e9volution jusqu&#8217;\u00e0 nos jours<\/h2>\n\n<div style=\"height:40px\" aria-hidden=\"true\" class=\"wp-block-spacer\"><\/div>\n<div class=\"wp-block-image\">\n<figure class=\"aligncenter size-large\"><img decoding=\"async\" loading=\"lazy\" width=\"768\" height=\"1024\" src=\"http:\/\/turismo.alboloduy.es\/wp-content\/uploads\/2022\/12\/creacion-alpujarra-y-actual-1-768x1024.jpg\" alt=\"\" class=\"wp-image-4334\" srcset=\"http:\/\/turismo.alboloduy.es\/wp-content\/uploads\/2022\/12\/creacion-alpujarra-y-actual-1-768x1024.jpg 768w, http:\/\/turismo.alboloduy.es\/wp-content\/uploads\/2022\/12\/creacion-alpujarra-y-actual-1-225x300.jpg 225w, http:\/\/turismo.alboloduy.es\/wp-content\/uploads\/2022\/12\/creacion-alpujarra-y-actual-1-1152x1536.jpg 1152w, http:\/\/turismo.alboloduy.es\/wp-content\/uploads\/2022\/12\/creacion-alpujarra-y-actual-1.jpg 1200w\" sizes=\"(max-width: 768px) 100vw, 768px\" \/><\/figure><\/div>\n<div style=\"height:40px\" aria-hidden=\"true\" class=\"wp-block-spacer\"><\/div>\n<div class=\"wp-block-image\">\n<figure class=\"aligncenter size-large\"><img decoding=\"async\" loading=\"lazy\" width=\"1024\" height=\"768\" src=\"http:\/\/turismo.alboloduy.es\/wp-content\/uploads\/2022\/12\/creacion-alpujarra-y-actual-2-1024x768.jpg\" alt=\"\" class=\"wp-image-4339\" srcset=\"http:\/\/turismo.alboloduy.es\/wp-content\/uploads\/2022\/12\/creacion-alpujarra-y-actual-2-1024x768.jpg 1024w, http:\/\/turismo.alboloduy.es\/wp-content\/uploads\/2022\/12\/creacion-alpujarra-y-actual-2-300x225.jpg 300w, http:\/\/turismo.alboloduy.es\/wp-content\/uploads\/2022\/12\/creacion-alpujarra-y-actual-2-768x576.jpg 768w, http:\/\/turismo.alboloduy.es\/wp-content\/uploads\/2022\/12\/creacion-alpujarra-y-actual-2-1536x1152.jpg 1536w, http:\/\/turismo.alboloduy.es\/wp-content\/uploads\/2022\/12\/creacion-alpujarra-y-actual-2.jpg 1600w\" sizes=\"(max-width: 1024px) 100vw, 1024px\" \/><\/figure><\/div>\n<div style=\"height:40px\" aria-hidden=\"true\" class=\"wp-block-spacer\"><\/div>\n","protected":false},"excerpt":{"rendered":"<p>Maison du duc Gor Vestiges de l&#8217;ancienne maison, construite en ma\u00e7onnerie avec pierres apparentes et torchis. Construction repr\u00e9sentative de la puissance aristocratique de la r\u00e9gion, elle ne conserve qu&#8217;une partie du mur qui regarde le fleuve et une partie d&#8217;un c\u00f4t\u00e9. Les armoiries d&#8217;Alboloduy ont \u00e9t\u00e9 approuv\u00e9es par la session pl\u00e9ni\u00e8re de sa mairie le&hellip;&nbsp;<a href=\"http:\/\/turismo.alboloduy.es\/fr\/centre-dinterpretation\/\" class=\"\" rel=\"bookmark\">Read More &raquo;<span class=\"screen-reader-text\">Centre d&#8217;interpr\u00e9tation<\/span><\/a><\/p>\n","protected":false},"author":2,"featured_media":0,"parent":0,"menu_order":0,"comment_status":"closed","ping_status":"closed","template":"","meta":{"neve_meta_sidebar":"","neve_meta_container":"","neve_meta_enable_content_width":"","neve_meta_content_width":0,"neve_meta_title_alignment":"","neve_meta_author_avatar":"","neve_post_elements_order":"","neve_meta_disable_header":"","neve_meta_disable_footer":"","neve_meta_disable_title":"","footnotes":""},"_links":{"self":[{"href":"http:\/\/turismo.alboloduy.es\/fr\/wp-json\/wp\/v2\/pages\/4384"}],"collection":[{"href":"http:\/\/turismo.alboloduy.es\/fr\/wp-json\/wp\/v2\/pages"}],"about":[{"href":"http:\/\/turismo.alboloduy.es\/fr\/wp-json\/wp\/v2\/types\/page"}],"author":[{"embeddable":true,"href":"http:\/\/turismo.alboloduy.es\/fr\/wp-json\/wp\/v2\/users\/2"}],"replies":[{"embeddable":true,"href":"http:\/\/turismo.alboloduy.es\/fr\/wp-json\/wp\/v2\/comments?post=4384"}],"version-history":[{"count":1,"href":"http:\/\/turismo.alboloduy.es\/fr\/wp-json\/wp\/v2\/pages\/4384\/revisions"}],"predecessor-version":[{"id":4385,"href":"http:\/\/turismo.alboloduy.es\/fr\/wp-json\/wp\/v2\/pages\/4384\/revisions\/4385"}],"wp:attachment":[{"href":"http:\/\/turismo.alboloduy.es\/fr\/wp-json\/wp\/v2\/media?parent=4384"}],"curies":[{"name":"wp","href":"https:\/\/api.w.org\/{rel}","templated":true}]}}