{"id":4402,"date":"2022-12-12T10:29:44","date_gmt":"2022-12-12T09:29:44","guid":{"rendered":"http:\/\/turismo.alboloduy.es\/histoire\/"},"modified":"2022-12-12T17:40:02","modified_gmt":"2022-12-12T16:40:02","slug":"histoire","status":"publish","type":"page","link":"http:\/\/turismo.alboloduy.es\/fr\/histoire\/","title":{"rendered":"Histoire"},"content":{"rendered":"\n<p>Les origines historiques d&#8217;Alboloduy remontent \u00e0 la pr\u00e9histoire, avec des \u00e9tablissements dans le <strong>Almeria n\u00e9olithique tardif <\/strong>(VIe si\u00e8cle av. J.-C.) et surtout au <strong>troisi\u00e8me phase du bronze <\/strong>(VIe si\u00e8cle av. J.-C.), situ\u00e9 dans le<strong> Rocher de la Reine<\/strong>, avec des d\u00e9couvertes, qui mentionne la ferme lors de son voyage d&#8217;Almer\u00eda \u00e0 Grenade sous le nom de Boloduy. Vers la premi\u00e8re moiti\u00e9 du XIIIe si\u00e8cle, lorsque le royaume de Grenade a \u00e9t\u00e9 form\u00e9, le Taha de Alboloduy (unit\u00e9 administrative dans laquelle les souverains nasrides ont divis\u00e9 tout le territoire de l&#8217;Alpujarra) a \u00e9t\u00e9 cr\u00e9\u00e9. <\/p>\n\n<p>Apr\u00e8s les capitulations d&#8217;Almer\u00eda, le taha appartenait \u00e0 <strong>Boabdil<\/strong>, avec d&#8217;autres, en tant que fief jusqu&#8217;en 1493, pour \u00eatre d\u00e9finitivement accord\u00e9 en 1504 \u00e0 <strong>Don Sancho de Castilla y Enr\u00edquez<\/strong>, seigneur de Gor, en r\u00e9compense de l&#8217;aide apport\u00e9e \u00e0 la Reconqu\u00eate . Le XVIe si\u00e8cle est caract\u00e9ris\u00e9 par le soul\u00e8vement des Maures et leur expulsion d\u00e9finitive en 1570 apr\u00e8s leur d\u00e9faite, laissant Alboloduy d\u00e9peupl\u00e9.  Avec le repeuplement, un nouveau chapitre historique s&#8217;ouvre avec la pr\u00e9dominance du nouveau pouvoir, qui tentera d&#8217;effacer sans succ\u00e8s toutes les traces musulmanes, puisqu&#8217;\u00e0 Alboloduy un urbanisme et un r\u00e9seau de foss\u00e9s au profil nettement arabe subsistent encore. C&#8217;est un si\u00e8cle confus de toponymes, de capitales et de limites superficielles.  Le seigneur de Gor transf\u00e9ra la capitale \u00e0 Santa Cruz, laissant Alboloduy comme place ; les noms d&#8217;Albolodud ou d&#8217;Alhi\u00e7an sont utilis\u00e9s indiff\u00e9remment pour masquer les \u00e9changes entre la couronne et les seigneurs de Gor, et les lieux du taha de Marchena et d&#8217;Alboloduy se m\u00e9langent et se confondent comme un puzzle. La situation semble s&#8217;\u00e9claircir au XVIe si\u00e8cle ; Selon le cadastre d&#8217;Ensenada, la seigneurie est compos\u00e9e des villes de Santa Cruz et d&#8217;Alboloduy, appartenant au comte de Torrepalma, <strong>Don Antonio Verdugo y Castilla<\/strong>, seigneur de Gor. La ville retrouve son statut de capitale et apr\u00e8s deux si\u00e8cles de repeuplement, elle pr\u00e9sente une augmentation d\u00e9mographique consid\u00e9rable.Le XIXe si\u00e8cle \u00e9clate avec un d\u00e9clin \u00e9conomique et le lib\u00e9ralisme, les plus significatifs \u00e9tant l&#8217;abolition des manoirs et la confiscation, \u00e9v\u00e9nements qui produisent la d\u00e9composition du se\u00f1or\u00edo d&#8217;Alboloduy, et chaque mandat municipal acquiert ind\u00e9pendance et autonomie, comme Santa Cruz en 1850, pour nommer un maire et un conseiller municipal.<\/p>\n\n<p>En 1863, <strong>Isabelle II<\/strong> cr\u00e9e le marquisat d&#8217;Alboloduy, l&#8217;attribuant \u00e0 Mme. <strong>Mar\u00eda Elvira Fern\u00e1ndez de C\u00f3rdoba Boh\u00f3rquez<\/strong>, petite-fille du duc de Gor. Le premier tiers du XXe si\u00e8cle est caract\u00e9ris\u00e9 par des tensions sociales, le ch\u00f4mage et une grave s\u00e9cheresse, qui est li\u00e9e \u00e0 la guerre civile, une p\u00e9riode qui se d\u00e9roule avec les difficult\u00e9s du moment et une dure et mauvaise p\u00e9riode d&#8217;apr\u00e8s-guerre. Apr\u00e8s la mort de Franco, la p\u00e9riode d\u00e9mocratique a commenc\u00e9, configurant Alboloduy comme une ville participative et tranquille, avec une population agr\u00e9able et serviable pour l&#8217;\u00e9tranger qui vient \u00e0 conna\u00eetre cette ville si repr\u00e9sentative des traditions culturelles de la r\u00e9gion.<\/p>\n\n<p>La premi\u00e8re r\u00e9f\u00e9rence statistique \u00e0 la population d&#8217;Alboloduy date de 1577, li\u00e9e au repeuplement apr\u00e8s l&#8217;expulsion des maures, 51 anciens chr\u00e9tiens se sont install\u00e9s dans la commune \u00e0 partir de <strong>Andalousie occidentale<\/strong>,  <strong>Extremadura<\/strong> oui <strong>Levante<\/strong>, bien qu&#8217;auparavant, il s&#8217;agissait d&#8217;un important \u00e9tablissement de population, puisque, selon le<strong> enqu\u00eate et livre de population <\/strong>\u00c0 partir de 1574, la ville \u00e9tait compos\u00e9e de 153 maisons avec 150 voisins maures, 3 vieux chr\u00e9tiens, le sacristain et deux b\u00e9n\u00e9ficiaires, donn\u00e9es qui d\u00e9notent une grande ville.<\/p>\n\n<p>Les XVIIe et XVIIIe si\u00e8cles sont caract\u00e9ris\u00e9s par la d\u00e9mographie historique de l&#8217;Ancien R\u00e9gime, des taux de natalit\u00e9 et de mortalit\u00e9 \u00e9lev\u00e9s, mais malgr\u00e9 cela, une continuit\u00e9 d\u00e9mographique est maintenue que lorsque le cadastre d&#8217;Ensenada a \u00e9t\u00e9 r\u00e9alis\u00e9 en 175253, une augmentation d\u00e9mographique importante a \u00e9t\u00e9 observ\u00e9e, avec 1 562 habitants. Au 19\u00e8me si\u00e8cle, il y a une croissance constante de la population, en raison de la richesse \u00e9conomique fournie par la monoculture du c\u00e9page Ohanes, atteignant son apog\u00e9e en 1857, lorsque 2 490 habitants ont \u00e9t\u00e9 enregistr\u00e9s. Ce taux de croissance se maintiendra jusqu&#8217;au d\u00e9but du si\u00e8cle, atteignant son maximum de recensement de cette \u00e9poque en 1910, o\u00f9 l&#8217;on d\u00e9nombrait 2 280 habitants.Dans les d\u00e9cennies \u00e0 venir on assiste \u00e0 une d\u00e9croissance d\u00e9mographique rapide, qui s&#8217;accentue encore aujourd&#8217;hui. Le taux de croissance est interrompu par les guerres mondiales et civiles et la fermeture des march\u00e9s internationaux, entamant une \u00e9migration qui s&#8217;est accentu\u00e9e au cours des derni\u00e8res d\u00e9cennies. Selon les donn\u00e9es <strong>FIAPA<\/strong>, dans les ann\u00e9es 1976-1991, le d\u00e9clin de la population s&#8217;est poursuivi, en raison d&#8217;un faible taux de natalit\u00e9, d&#8217;une mortalit\u00e9 exceptionnelle qui indique un taux de vieillissement \u00e9lev\u00e9, ainsi que de l&#8217;\u00e9migration, qui est due \u00e0 une grande s\u00e9cheresse subie par la r\u00e9gion et au manque d&#8217;infrastructures. Selon le recensement de 1991, le taux d\u00e9mographique est de 911 habitants, tendant \u00e0 diminuer ces derni\u00e8res ann\u00e9es, si l&#8217;on observe les donn\u00e9es actuelles avec 847 habitants.<\/p>\n","protected":false},"excerpt":{"rendered":"<p>Les origines historiques d&#8217;Alboloduy remontent \u00e0 la pr\u00e9histoire, avec des \u00e9tablissements dans le Almeria n\u00e9olithique tardif (VIe si\u00e8cle av. J.-C.) et surtout au troisi\u00e8me phase du bronze (VIe si\u00e8cle av. J.-C.), situ\u00e9 dans le Rocher de la Reine, avec des d\u00e9couvertes, qui mentionne la ferme lors de son voyage d&#8217;Almer\u00eda \u00e0 Grenade sous le nom&hellip;&nbsp;<a href=\"http:\/\/turismo.alboloduy.es\/fr\/histoire\/\" class=\"\" rel=\"bookmark\">Read More &raquo;<span class=\"screen-reader-text\">Histoire<\/span><\/a><\/p>\n","protected":false},"author":2,"featured_media":0,"parent":0,"menu_order":0,"comment_status":"closed","ping_status":"closed","template":"","meta":{"neve_meta_sidebar":"","neve_meta_container":"","neve_meta_enable_content_width":"","neve_meta_content_width":0,"neve_meta_title_alignment":"","neve_meta_author_avatar":"","neve_post_elements_order":"","neve_meta_disable_header":"","neve_meta_disable_footer":"","neve_meta_disable_title":"","footnotes":""},"_links":{"self":[{"href":"http:\/\/turismo.alboloduy.es\/fr\/wp-json\/wp\/v2\/pages\/4402"}],"collection":[{"href":"http:\/\/turismo.alboloduy.es\/fr\/wp-json\/wp\/v2\/pages"}],"about":[{"href":"http:\/\/turismo.alboloduy.es\/fr\/wp-json\/wp\/v2\/types\/page"}],"author":[{"embeddable":true,"href":"http:\/\/turismo.alboloduy.es\/fr\/wp-json\/wp\/v2\/users\/2"}],"replies":[{"embeddable":true,"href":"http:\/\/turismo.alboloduy.es\/fr\/wp-json\/wp\/v2\/comments?post=4402"}],"version-history":[{"count":1,"href":"http:\/\/turismo.alboloduy.es\/fr\/wp-json\/wp\/v2\/pages\/4402\/revisions"}],"predecessor-version":[{"id":4403,"href":"http:\/\/turismo.alboloduy.es\/fr\/wp-json\/wp\/v2\/pages\/4402\/revisions\/4403"}],"wp:attachment":[{"href":"http:\/\/turismo.alboloduy.es\/fr\/wp-json\/wp\/v2\/media?parent=4402"}],"curies":[{"name":"wp","href":"https:\/\/api.w.org\/{rel}","templated":true}]}}