{"id":4410,"date":"2022-12-12T10:38:44","date_gmt":"2022-12-12T09:38:44","guid":{"rendered":"http:\/\/turismo.alboloduy.es\/les-alcubillas\/"},"modified":"2022-12-12T17:55:30","modified_gmt":"2022-12-12T16:55:30","slug":"les-alcubillas","status":"publish","type":"page","link":"http:\/\/turismo.alboloduy.es\/fr\/les-alcubillas\/","title":{"rendered":"Les Alcubillas"},"content":{"rendered":"\n<p>Les Alcubillas sont constitu\u00e9es de deux agglom\u00e9rations en bordure de la Rambla qui porte son nom : Las Alcubillas Bajas qui appartiennent \u00e0 la commune d&#8217;Alboloduy et Alcubillas Altas qui sont partag\u00e9es entre les communes de G\u00e9rgal et d&#8217;Alboloduy. Le nom de ses habitants est alcubillero\/a. <\/p>\n\n<p>L&#8217;origine du toponyme Las Alcubillas se trouve dans le mot mozarabe &#8220;Alcubilla&#8221; avec la racine arabe &#8220;al-qubba&#8221; qui signifie coffre \u00e0 eau, r\u00e9servoir d&#8217;eau, \u00e9tang, bassin, d\u00f4me&#8230; Ce toponyme arabe vient probablement du vulgaire Latin &#8220;cova&#8221;, f\u00e9minin de &#8220;covus&#8221;, qui signifie creux. En raison de sa signification, nous pouvons en d\u00e9duire qu&#8217;\u00e0 l&#8217;\u00e9poque arabe, il devait y avoir un ou plusieurs r\u00e9servoirs d&#8217;eau ou \u00e9tangs \u00e0 l&#8217;endroit o\u00f9 se trouve la ville, qui seraient utilis\u00e9s pour l&#8217;approvisionnement public et l&#8217;irrigation. <\/p>\n\n<p>Pour rejoindre ces deux quartiers, il vous suffit de prendre l&#8217;autoroute A-92 en direction de Grenade. \u00c0 50 km de la capitale d&#8217;Almeria.  Il est situ\u00e9 \u00e0 675 m\u00e8tres d&#8217;altitude dans la Sierra de los Filabres, il est donc conseill\u00e9 de s&#8217;emmitoufler en dehors de la p\u00e9riode estivale.<\/p>\n\n<h2 class=\"wp-block-heading\">Les Hautes Alcubillas<\/h2>\n\n<p>La Rambla de Las Alcubillas est la limite g\u00e9ographique entre les deux municipalit\u00e9s. Dans la partie d&#8217;Alboloduyense, commun\u00e9ment appel\u00e9e acelgueros, on peut visiter la fontaine et le lavoir, appel\u00e9s par les locaux &#8220;la cimbra&#8221;. Et, dans la partie de Gerga, nous nous retrouverons, juste apr\u00e8s avoir travers\u00e9 le pont du boulevard, l&#8217;\u00e9glise de San Sebasti\u00e1n.  <\/p>\n\n<p>Las Alcubillas Altas est un bon endroit pour faire du tourisme rural et se perdre dans ses sentiers et sentiers. L&#8217;ancien Camino Real qui reliait Almer\u00eda et Grenade, aujourd&#8217;hui Camino de Fuente Santa, cache des vestiges historiques tels que les orni\u00e8res des charrettes, les mines, les ventes et le village minier de La Gebera, \u00e9galement abandonn\u00e9.  On peut \u00e9galement voir le pont de fer sur la Rambla de G\u00e9rgal du chemin de fer L\u00ednares-Almer\u00eda, d\u00e9clar\u00e9 bien du patrimoine industriel et minier andalou. Le sentier du b\u00e9tail nous conduit sur le sentier PRA- _____ Vereda de Las Alcubillas qui nous conduit \u00e0 travers un paysage unique jusqu&#8217;\u00e0 la ville d&#8217;Alboloduy, en profitant de la piscine naturelle d&#8217;eau min\u00e9rale et m\u00e9dicinale connue sous le nom de &#8220;Balsica Salobre&#8221; et des vestiges historiques \u00e0 proximit\u00e9 comme un four , une mine de fer, une carri\u00e8re de pierres&#8230; \u00c0 tout moment, nous pouvons profiter de la zone d\u00e9sertique de Tabernas. <\/p>\n\n<p>Le village a Saint-S\u00e9bastien comme saint patron, dont les festivit\u00e9s sont c\u00e9l\u00e9br\u00e9es le 20 janvier et la procession en son honneur est accompagn\u00e9e par le groupe musical La Mezquita de Alboloduy. En ao\u00fbt, les festivit\u00e9s estivales ont lieu en l&#8217;honneur de la sainte patronne, la Virgen del Carmen, sur la place principale de la ville, dont la caract\u00e9ristique principale est une fontaine circulaire, famili\u00e8rement appel\u00e9e &#8220;El Llano&#8221;. <\/p>\n\n<p>Sa gastronomie traditionnelle est bas\u00e9e sur la cuisine m\u00e9diterran\u00e9enne et nous pouvons souligner : migas, bu\u00f1uelos, choto al ajillo, papas a lo pobre, riz au lapin ou \u00e0 la perdrix, porridge, paprika, jaleos, frit\u00e1, pipirrana&#8230; des d\u00e9lices qui vous mettent en app\u00e9tit.<\/p>\n\n<p>La population qui r\u00e9side \u00e0 Las Alcubillas tout au long de l&#8217;ann\u00e9e est petite, de 35 \u00e0 40 habitants, bien que les week-ends et les jours f\u00e9ri\u00e9s, elle augmente consid\u00e9rablement avec les habitants qui restent d&#8217;ici, mais qui vivent actuellement principalement \u00e0 Almer\u00eda, en Catalogne et aux \u00eeles Bal\u00e9ares. . L&#8217;\u00e9volution de la population est n\u00e9gative, comme celle de nombreuses zones rurales de la province d&#8217;Almer\u00eda.  Selon les donn\u00e9es publi\u00e9es par l&#8217;INE le 1er janvier 2019, le nombre d&#8217;habitants \u00e0 Las Alcubillas Altas \u00e9tait de 31, soit 1 habitants de plus qu&#8217;en 2018. Dans le graphique suivant, vous pouvez voir combien d&#8217;habitants Las Alcubillas Altas a eu depuis plus de les ann\u00e9es. <\/p>\n\n<p>Las Alcubillas a \u00e9t\u00e9 un lieu de transit tout au long de ses nombreux si\u00e8cles d&#8217;histoire et, par cons\u00e9quent, elle a \u00e9t\u00e9 bien communiqu\u00e9e. \u00c0 travers son territoire passait la route qui reliait Almer\u00eda \u00e0 Guadix, connue sous le nom de Camino Real, qui devait d\u00e9j\u00e0 \u00eatre utilis\u00e9e par les Romains et les Arabes.  Aujourd&#8217;hui, nous pouvons encore appr\u00e9cier les orni\u00e8res des charrettes et des chariots marqu\u00e9s dans les zones de pierre de ce chemin.<\/p>\n\n<p>Pendant la domination romaine de la p\u00e9ninsule ib\u00e9rique (2\u00e8me si\u00e8cles avant JC au 5\u00e8me apr\u00e8s JC), qu&#8217;ils appelaient Hispanie et divis\u00e9e en provinces, des voies romaines ou des routes ont \u00e9t\u00e9 construites qui ont facilit\u00e9 la communication entre les villes et les villes, \u00e0 l&#8217;\u00e9poque de la romanisation. Avec la chute de l&#8217;Empire romain, les Wisigoths ont continu\u00e9 \u00e0 utiliser ces routes (Ve au VIIIe si\u00e8cles) et avec l&#8217;invasion arabe en 711, ils r\u00e9ussiront \u00e0 l&#8217;utilisation et \u00e0 la jouissance de ces ouvrages de g\u00e9nie. Les Arabes s\u00e9journ\u00e8rent pendant pr\u00e8s de huit si\u00e8cles (VIIIe au XVe) dans la p\u00e9ninsule ib\u00e9rique, qu&#8217;ils appel\u00e8rent Al-Andalus, et du fait de leur culture avanc\u00e9e, ils pr\u00e9serv\u00e8rent, r\u00e9par\u00e8rent et perfectionn\u00e8rent les ouvrages publics romains : routes, aqueducs, moulins&#8230; ; Ils ont \u00e9galement construit de nouveaux ouvrages d&#8217;art pour l&#8217;utilisation des ressources en eau : foss\u00e9s, bassins (radeaux), norias, citernes&#8230;   Des vestiges arch\u00e9ologiques de toutes ces constructions subsistent sur le territoire de Las Alcubillas.<\/p>\n\n<p> Le Dictionnaire g\u00e9ographique-statistique-historique de l&#8217;Andalousie de Pascual Madoz \u00e9crit entre 1845-1850 d\u00e9crit la route comme suit : &#8220;ROUTES. Il y a une route qui m\u00e8ne d&#8217;Almeria \u00e0 Grenade, en entrant par l&#8217;E. et le terme. de Sta. F\u00e9 de Mondujar, dans la partie que nous d\u00e9crivons, il longe le boulevard Gergal jusqu&#8217;\u00e0 l&#8217;auberge de La Dorada qui se trouve sur le m\u00eame boulevard, et en le laissant \u00e0 droite, il passe par l&#8217;Alcubilla du terme Alboloduy, o\u00f9 il y a un autre auberge qui prend le nom de La Cortijada, continue en direction de l&#8217;ouest \u00e0 travers le Campillo Hondo de Alboloduy, traverse une pente intitul\u00e9e La Reina et touche Do\u00f1a Maria et l&#8217;auberge du m\u00eame nom, \u00e0 partir de ce point, elle passe par le R . de Oca\u00f1a et Rambla de Abla jusqu&#8217;\u00e0 l&#8217;auberge qu&#8217;ils disent \u00eatre Arroyo, continuez le long de la Rambla de Fi\u00f1ana, et en laissant cette ville \u00e0 gauche, continuez jusqu&#8217;\u00e0 l&#8217;auberge appel\u00e9e Venta Nueva, par laquelle vous entrez dans la partie juive de Guadix : son \u00e9tat est tr\u00e8s mauvais non seulement \u00e0 cause du manque de compositions, mais aussi car avoir \u00e0 traverser les boulevards de Gergal, Abla et Fi\u00f1ana et r. de Oca\u00f1a, elle devient obstru\u00e9e et rend difficile la circulation sur les grandes avenues. Il y a aussi une autre all\u00e9e cavali\u00e8re qui entre dans la pi\u00e8ce. du c\u00f4t\u00e9 oriental et par Alhabia, et continue par Alsodux, Santa Cruz, Alboloduy et Nacimiento, jusqu&#8217;\u00e0 ce qu&#8217;il rejoigne la route \u00e0 Do\u00f1a Maria; En hiver, c&#8217;est tr\u00e8s p\u00e9nible car les passagers doivent traverser la rivi\u00e8re \u00e0 gu\u00e9, mais en \u00e9t\u00e9, c&#8217;est un plaisir de marcher sur cette route en raison de la nature pittoresque et agr\u00e9able du pays, car il y a des bosquets continus en plus d&#8217;\u00eatre plant\u00e9s de nombreux arbres fruitiers dans les champs des deux c\u00f4t\u00e9s.De r. Les autres chemins de traverse qui sont des all\u00e9es cavali\u00e8res, comme le pr\u00e9c\u00e9dent, sont tous dans un tr\u00e8s mauvais \u00e9tat, auquel le terrain accident\u00e9 contribue beaucoup. \u00bb<\/p>\n\n<p>Dans l&#8217;histoire r\u00e9cente de Las Alcubillas, on a enregistr\u00e9 la trag\u00e9die ferroviaire survenue le 15 novembre 1945. Un train postal avec plus de 300 personnes tra\u00een\u00e9 par une locomotive \u00e0 vapeur en direction d&#8217;Almer\u00eda et un train de marchandises compos\u00e9 d&#8217;une locomotive \u00e0 vapeur et de 16 les wagons qui montaient \u00e0 G\u00e9rgal se sont heurt\u00e9s de plein fouet. Une erreur humaine du facteur trafic, sous-chef de poste de G\u00e9rgal, qui \u00e9tait le chef de poste, a \u00e9t\u00e9 \u00e0 l&#8217;origine de l&#8217;accident. Il semble qu&#8217;il ait charg\u00e9 un autre facteur d&#8217;envoyer le train postal parce qu&#8217;il avait \u00e9t\u00e9 invit\u00e9 \u00e0 abattre un cochon. Il lui a laiss\u00e9 libre cours sans se rendre compte que le train de marchandises se dirigeait vers G\u00e9rgal. L&#8217;accident s&#8217;est produit \u00e0 proximit\u00e9 de Las Alcubillas, dans la tranch\u00e9e de Zamora, les deux locomotives se sont enfonc\u00e9es et les deux derniers wagons se sont lev\u00e9s sous l&#8217;impact, effleurant les deux c\u00e2bles \u00e9lectriques de la cat\u00e9naire, produisant un brasier \u00e9lectrique qui a d\u00e9clench\u00e9 un incendie. Apr\u00e8s le bruit de la collision, les habitants de Las Alcubillas Altas sont venus aider les bless\u00e9s en leur apportant des couvertures, du caf\u00e9 et du cognac. Malheureusement, au moment de l&#8217;\u00e9lectrocution, ils ne purent rien faire pour aider les malheureux coinc\u00e9s dans les deux derniers wagons, leurs appels \u00e0 l&#8217;aide retentissant \u00e0 l&#8217;aube.        Ce qu&#8217;ils r\u00e9ussirent, au p\u00e9ril de leur int\u00e9grit\u00e9 physique, fut de d\u00e9crocher la voiture-courrier du reste de la composition, sauvant ainsi la vie des postiers. Plus de 100 personnes ont \u00e9t\u00e9 tu\u00e9es et le responsable du d\u00e9part du train postal, qui n&#8217;aurait pas d\u00fb abandonner son poste, s&#8217;est enfui lorsque l&#8217;accident s&#8217;est produit, et quelques jours plus tard, il a \u00e9t\u00e9 retrouv\u00e9 mort d&#8217;un coup de feu qu&#8217;il s&#8217;est lui-m\u00eame donn\u00e9. pistolet. <\/p>\n\n<p>Dans les ann\u00e9es 1960 et 1970, comme dans la plupart des villes andalouses, sa population a \u00e9migr\u00e9 vers diff\u00e9rentes r\u00e9gions d&#8217;Espagne et \u00e0 l&#8217;\u00e9tranger, notamment la Catalogne, les \u00eeles Bal\u00e9ares et Madrid. Il se trouve qu&#8217;il y a un grand groupe d&#8217;alcubilleros\/as qui ont \u00e9migr\u00e9 \u00e0 Majorque \u00e0 la recherche de travail dans l&#8217;industrie h\u00f4teli\u00e8re. Les premiers \u00e0 s&#8217;y installer appelaient leur famille et leurs amis, et c&#8217;est ainsi qu&#8217;une colonie d&#8217;alcubilleros\/as s&#8217;est form\u00e9e \u00e0 Majorque, qui n&#8217;ont pas perdu leurs racines,  <\/p>\n\n<p>Les alcubilleros et alcubilleras vivaient traditionnellement des activit\u00e9s agricoles et d&#8217;\u00e9levage. L&#8217;agriculture de sa petite plaine, sur les deux rives de la Rambla, a consist\u00e9 principalement en oliviers, amandiers, orangers, vignes \u00e0 raisins de bateau, arbres fruitiers, l\u00e9gumes&#8230; Dans les terres les plus arides ou s\u00e8ches, les c\u00e9r\u00e9ales, le bl\u00e9 et l&#8217;orge \u00e9taient principalement plant\u00e9s, et dans la zone connue sous le nom d&#8217;El Campillo, les vignes \u00e9taient cultiv\u00e9es pour obtenir des vins. L&#8217;\u00e9levage a \u00e9t\u00e9 une ressource importante pour l&#8217;\u00e9conomie de ses habitants, ayant comme activit\u00e9s principales le p\u00e2turage des ch\u00e8vres et des moutons. Aussi dans le pass\u00e9, il y avait des fermes de vaches et de chevaux. Son importance \u00e9tait telle que le chemin de fer s&#8217;arr\u00eatait \u00e0 certaines occasions \u00e0 Las Alcubillas Bajas pour charger des wagons avec des animaux.   Une autre occupation de nombreux alcubilleros a \u00e9t\u00e9 celle d&#8217;un marchand de b\u00e9tail ou d&#8217;un marchand avec lequel ils ont cherch\u00e9 \u00e0 gagner leur vie en raison de leur grande habilet\u00e9 \u00e0 acheter et \u00e0 vendre du b\u00e9tail.<\/p>\n\n<p>En raison de sa proximit\u00e9 avec les gares de G\u00e9rgal et Fuente Santa, ses habitants ont \u00e9galement v\u00e9cu des emplois fournis par l&#8217;activit\u00e9 ferroviaire, qu&#8217;ils combinaient souvent avec les travaux agricoles et d&#8217;\u00e9levage. En raison de cette proximit\u00e9 et de ce contact, nombre de ses habitants ont cherch\u00e9 leur avenir en tant que travailleurs de RENFE. Cependant, beaucoup ont rejet\u00e9 l&#8217;offre de travailler pour la RENFE parce qu&#8217;ils gagnaient plus en vendant du b\u00e9tail.  <\/p>\n\n<p>Ces derni\u00e8res ann\u00e9es, l&#8217;agriculture a connu une reconversion de l&#8217;agriculture avec la construction de plusieurs serres pour la culture de produits tels que tomates, poivrons, haricots, courgettes, past\u00e8ques, melons&#8230;) \u00e0 l&#8217;instar des cultures sous film plastique de l&#8217;ouest et les r\u00e9gions orientales d&#8217;Almeria. Cependant, la plupart des terres sont cultiv\u00e9es par de petits propri\u00e9taires de mani\u00e8re traditionnelle en compl\u00e9ment de leur \u00e9conomie familiale, int\u00e9grant des \u00e9l\u00e9ments de modernisation et d&#8217;\u00e9conomie d&#8217;eau avec l&#8217;irrigation goutte \u00e0 goutte. <\/p>\n\n<p>L&#8217;\u00e9levage traditionnel de troupeaux de p\u00e2turage de ch\u00e8vres et de moutons a remarquablement diminu\u00e9, puisqu&#8217;il ne reste actuellement que deux ou trois troupeaux de ch\u00e8vres, cependant, un \u00e9levage intensif de ch\u00e8vres tr\u00e8s r\u00e9ussi a \u00e9t\u00e9 cr\u00e9\u00e9, dont le propri\u00e9taire est une jeune femme qui a devenir une r\u00e9f\u00e9rence pour ce que signifie croire en son territoire et produire des mati\u00e8res premi\u00e8res de haute qualit\u00e9.<\/p>\n\n<h2 class=\"wp-block-heading\">Les Alcubillas Bajas<\/h2>\n\n<p>Une fois que nous aurons visit\u00e9 Las Alcubillas Altas, nous descendrons le boulevard \u00e0 la recherche de Las Alcubillas Bajas, \u00e0 un kilom\u00e8tre dans le lit de la rivi\u00e8re. C&#8217;est une ville abandonn\u00e9e. Vous ne pouvez pas chercher des panneaux d&#8217;information, une route goudronn\u00e9e&#8230;, c&#8217;est un chemin de terre qui s&#8217;emprunte sur la rive droite de la Rambla de Las Alcubillas.   A seulement un kilom\u00e8tre de l&#8217;\u00e9chafaudage, on peut d\u00e9j\u00e0 voir les premi\u00e8res fermes en ardoise d\u00e9molies. Et, \u00e0 quelques m\u00e8tres de l\u00e0, l&#8217;image d\u00e9vastatrice d&#8217;une ville oubli\u00e9e. <\/p>\n\n<p>Sa population \u00e9tait d&#8217;environ 150 habitants. Le village a \u00e9t\u00e9 abandonn\u00e9 au milieu du si\u00e8cle dernier en raison du travail acharn\u00e9 et de sa raret\u00e9. D\u00e8s lors, les habitants d\u00e9cid\u00e8rent d&#8217;\u00e9migrer, comme dans tant d&#8217;autres villes, vers la Catalogne, l&#8217;Aragon ou les Bal\u00e9ares&#8230; <\/p>\n\n<p>La haute construction le prot\u00e9geait des avenues du boulevard. On peut observer ses constructions en ma\u00e7onnerie et ses toits en roseaux, b\u00e2tons et alfa. \u00c0 l&#8217;\u00e9poque, c&#8217;\u00e9tait une agglom\u00e9ration tr\u00e8s jeune car elle avait sa propre \u00e9cole.   <\/p>\n\n<p>Il est tr\u00e8s int\u00e9ressant d&#8217;observer comment les gens vivaient jusqu&#8217;au XXe si\u00e8cle, avant l&#8217;arriv\u00e9e de l&#8217;eau, de l&#8217;assainissement, du pavage des rues et de l&#8217;acc\u00e8s \u00e0 l&#8217;\u00e9lectricit\u00e9. Cela devient un endroit pour se perdre pendant un moment et extrapoler aux temps pass\u00e9s. <\/p>\n\n<h2 class=\"wp-block-heading\">Aspects du patrimoine \u00e0 inclure dans l&#8217;itin\u00e9raire<\/h2>\n\n<p>L&#8217;itin\u00e9raire longe la Rambla de G\u00e9rgal et la Rambla Alhamillo. Il y a 8 millions d&#8217;ann\u00e9es, au Mioc\u00e8ne, l&#8217;\u00e9mergence de la cha\u00eene de montagnes B\u00e9tique, une cha\u00eene de montagnes \u00e0 laquelle appartient cette r\u00e9gion, avait de grandes extensions de sol envahies par la mer, c&#8217;est pourquoi de nombreux s\u00e9diments se sont d\u00e9pos\u00e9s au pied de la Sierra des Filabres.  Si l&#8217;on se prom\u00e8ne le long du boulevard G\u00e9rgal de Alboloduy et que l&#8217;on observe attentivement, on peut aujourd&#8217;hui trouver des r\u00e9cifs coralliens, des vers, des oursins, des coquillages et autres fossiles marins. De plus, le boulevard est vivant et apr\u00e8s de fortes pluies ou des inondations de nouveaux fossiles peuvent \u00e9merger qui nous \u00e9merveillent. <\/p>\n\n<p>On peut observer comment la partie basse du boulevard G\u00e9rgal, plus \u00e9tendue et accessible, est cultiv\u00e9e et soign\u00e9e. Cependant, \u00e0 mesure que nous montons, le boulevard se r\u00e9tr\u00e9cit avec des murs de plus en plus verticaux et avec peu d&#8217;espace pour la culture. Puis les fermes soign\u00e9es disparaissent, la ligne \u00e9lectrique et nous commen\u00e7ons \u00e0 observer les cultures s\u00e8ches presque abandonn\u00e9es.  <\/p>\n\n<p>On arrive \u00e0 un point o\u00f9 bifurque le boulevard G\u00e9rgal qui devient infranchissable, sauvage et vierge \u00e0 sa droite et \u00e0 sa gauche il re\u00e7oit son affluent appel\u00e9 boulevard Alhamillo.<\/p>\n\n<p>Le boulevard Alhamillo cache une source riche en min\u00e9raux, un r\u00e9servoir construit naturellement et un petit syst\u00e8me de foss\u00e9s pour acheminer l&#8217;eau jusqu&#8217;aux m\u00e9andres du boulevard o\u00f9 l&#8217;on cultivait autrefois des l\u00e9gumes de haute qualit\u00e9. <\/p>\n\n<p>Nous quittons le boulevard coup\u00e9 par de grands glissements de terrain pour monter environ 400 m\u00e8tres le long d&#8217;un chemin \u00e0 flanc de colline jusqu&#8217;\u00e0 atteindre le plateau appel\u00e9 &#8220;El Campillo&#8221; qui, \u00e0 travers le sentier du b\u00e9tail, nous m\u00e8nera \u00e0 la ville de Las Alcubillas Altas. <\/p>\n\n<p>En plus des paysages \u00e9rosifs et de la valeur morphog\u00e9n\u00e9tique extraordinaire, l&#8217;environnement pr\u00e9sente un grand nombre de flore et de v\u00e9g\u00e9tation end\u00e9miques. C&#8217;est aussi un lieu de passage pour les oiseaux migrateurs d&#8217;Afrique du Nord et abrite des animaux l\u00e9zards, des couleuvres \u00e0 \u00e9chelle, des couleuvres b\u00e2tardes, des renards, des genettes, des belettes, etc. <\/p>\n\n<p>L&#8217;itin\u00e9raire&#8212;&#8212;&#8212; Rambla G\u00e9rgal-Alhamillo-Alcubillas, est un itin\u00e9raire d&#8217;une grande richesse naturelle, des formations g\u00e9ologiques changeantes, des boulevards vivants et la connexion naturelle entre les deux villes de la municipalit\u00e9 d&#8217;Alboloduy, Alboloduy et Las Alcubillas Altas , o\u00f9 nous pouvons profiter de son riche patrimoine culturel et ethnographique.<\/p>\n","protected":false},"excerpt":{"rendered":"<p>Les Alcubillas sont constitu\u00e9es de deux agglom\u00e9rations en bordure de la Rambla qui porte son nom : Las Alcubillas Bajas qui appartiennent \u00e0 la commune d&#8217;Alboloduy et Alcubillas Altas qui sont partag\u00e9es entre les communes de G\u00e9rgal et d&#8217;Alboloduy. Le nom de ses habitants est alcubillero\/a. L&#8217;origine du toponyme Las Alcubillas se trouve dans le&hellip;&nbsp;<a href=\"http:\/\/turismo.alboloduy.es\/fr\/les-alcubillas\/\" class=\"\" rel=\"bookmark\">Read More &raquo;<span class=\"screen-reader-text\">Les Alcubillas<\/span><\/a><\/p>\n","protected":false},"author":2,"featured_media":0,"parent":0,"menu_order":0,"comment_status":"closed","ping_status":"closed","template":"","meta":{"neve_meta_sidebar":"","neve_meta_container":"","neve_meta_enable_content_width":"","neve_meta_content_width":0,"neve_meta_title_alignment":"","neve_meta_author_avatar":"","neve_post_elements_order":"","neve_meta_disable_header":"","neve_meta_disable_footer":"","neve_meta_disable_title":"","footnotes":""},"_links":{"self":[{"href":"http:\/\/turismo.alboloduy.es\/fr\/wp-json\/wp\/v2\/pages\/4410"}],"collection":[{"href":"http:\/\/turismo.alboloduy.es\/fr\/wp-json\/wp\/v2\/pages"}],"about":[{"href":"http:\/\/turismo.alboloduy.es\/fr\/wp-json\/wp\/v2\/types\/page"}],"author":[{"embeddable":true,"href":"http:\/\/turismo.alboloduy.es\/fr\/wp-json\/wp\/v2\/users\/2"}],"replies":[{"embeddable":true,"href":"http:\/\/turismo.alboloduy.es\/fr\/wp-json\/wp\/v2\/comments?post=4410"}],"version-history":[{"count":1,"href":"http:\/\/turismo.alboloduy.es\/fr\/wp-json\/wp\/v2\/pages\/4410\/revisions"}],"predecessor-version":[{"id":4411,"href":"http:\/\/turismo.alboloduy.es\/fr\/wp-json\/wp\/v2\/pages\/4410\/revisions\/4411"}],"wp:attachment":[{"href":"http:\/\/turismo.alboloduy.es\/fr\/wp-json\/wp\/v2\/media?parent=4410"}],"curies":[{"name":"wp","href":"https:\/\/api.w.org\/{rel}","templated":true}]}}